{"id":1838,"date":"2023-08-21T11:51:27","date_gmt":"2023-08-21T14:51:27","guid":{"rendered":"https:\/\/www.colegiojesusmariajose.org.br\/sp\/?page_id=1838"},"modified":"2025-07-18T14:58:52","modified_gmt":"2025-07-18T17:58:52","slug":"proposta-pedagogica","status":"publish","type":"page","link":"https:\/\/www.colegiojesusmariajose.org.br\/sp\/proposta-pedagogica\/","title":{"rendered":"PROPOSTA PEDAG\u00d3GICA"},"content":{"rendered":"\t\t<div data-elementor-type=\"wp-page\" data-elementor-id=\"1838\" class=\"elementor elementor-1838\" data-elementor-post-type=\"page\">\n\t\t\t\t<div class=\"elementor-element elementor-element-28984b7 animated-slow e-flex e-con-boxed elementor-invisible e-con e-parent\" data-id=\"28984b7\" data-element_type=\"container\" data-settings=\"{&quot;background_background&quot;:&quot;classic&quot;,&quot;animation&quot;:&quot;fadeIn&quot;}\">\n\t\t\t\t\t<div class=\"e-con-inner\">\n\t\t\t\t<div class=\"elementor-element elementor-element-67e0402 elementor-widget elementor-widget-spacer\" data-id=\"67e0402\" data-element_type=\"widget\" data-widget_type=\"spacer.default\">\n\t\t\t\t<div class=\"elementor-widget-container\">\n\t\t\t\t\t\t\t<div class=\"elementor-spacer\">\n\t\t\t<div class=\"elementor-spacer-inner\"><\/div>\n\t\t<\/div>\n\t\t\t\t\t\t<\/div>\n\t\t\t\t<\/div>\n\t\t\t\t<div class=\"elementor-element elementor-element-6f11e893 elementor-widget elementor-widget-heading\" data-id=\"6f11e893\" data-element_type=\"widget\" data-widget_type=\"heading.default\">\n\t\t\t\t<div class=\"elementor-widget-container\">\n\t\t\t\t\t<h2 class=\"elementor-heading-title elementor-size-default\">Proposta Pedag\u00f3gica<\/h2>\t\t\t\t<\/div>\n\t\t\t\t<\/div>\n\t\t\t\t<div class=\"elementor-element elementor-element-46ef1b57 elementor-widget elementor-widget-spacer\" data-id=\"46ef1b57\" data-element_type=\"widget\" data-widget_type=\"spacer.default\">\n\t\t\t\t<div class=\"elementor-widget-container\">\n\t\t\t\t\t\t\t<div class=\"elementor-spacer\">\n\t\t\t<div class=\"elementor-spacer-inner\"><\/div>\n\t\t<\/div>\n\t\t\t\t\t\t<\/div>\n\t\t\t\t<\/div>\n\t\t\t\t\t<\/div>\n\t\t\t\t<\/div>\n\t\t<div class=\"elementor-element elementor-element-5972638f e-flex e-con-boxed e-con e-parent\" data-id=\"5972638f\" data-element_type=\"container\">\n\t\t\t\t\t<div class=\"e-con-inner\">\n\t\t\t\t<div class=\"elementor-element elementor-element-2087c4ff elementor-widget elementor-widget-spacer\" data-id=\"2087c4ff\" data-element_type=\"widget\" data-widget_type=\"spacer.default\">\n\t\t\t\t<div class=\"elementor-widget-container\">\n\t\t\t\t\t\t\t<div class=\"elementor-spacer\">\n\t\t\t<div class=\"elementor-spacer-inner\"><\/div>\n\t\t<\/div>\n\t\t\t\t\t\t<\/div>\n\t\t\t\t<\/div>\n\t\t\t\t\t<\/div>\n\t\t\t\t<\/div>\n\t\t<div class=\"elementor-element elementor-element-3155311e animated-slow e-flex e-con-boxed elementor-invisible e-con e-parent\" data-id=\"3155311e\" data-element_type=\"container\" data-settings=\"{&quot;animation&quot;:&quot;fadeInUp&quot;}\">\n\t\t\t\t\t<div class=\"e-con-inner\">\n\t\t\t\t<div class=\"elementor-element elementor-element-4fc9e56 elementor-widget elementor-widget-text-editor\" data-id=\"4fc9e56\" data-element_type=\"widget\" data-widget_type=\"text-editor.default\">\n\t\t\t\t<div class=\"elementor-widget-container\">\n\t\t\t\t\t\t\t\t\t<p>A nossa proposta pedag\u00f3gica est\u00e1 pautada em uma educa\u00e7\u00e3o de qualidade com uma s\u00f3lida forma\u00e7\u00e3o humana. Aqui, o aluno \u00e9 estimulado a desenvolver todas as suas potencialidades, por meio do conhecimento, do exerc\u00edcio da \u00e9tica e da forma\u00e7\u00e3o cidad\u00e3.<\/p><p>O Col\u00e9gio Jesus Maria Jos\u00e9 acolhe os alunos, os pais e a comunidade de bra\u00e7os abertos, fortalecendo a uni\u00e3o entre a escola e a fam\u00edlia, por meio do respeito m\u00fatuo no processo de ensino.<\/p>\t\t\t\t\t\t\t\t<\/div>\n\t\t\t\t<\/div>\n\t\t\t\t\t<\/div>\n\t\t\t\t<\/div>\n\t\t<div class=\"elementor-element elementor-element-b12cbc e-flex e-con-boxed e-con e-parent\" data-id=\"b12cbc\" data-element_type=\"container\">\n\t\t\t\t\t<div class=\"e-con-inner\">\n\t\t\t\t<div class=\"elementor-element elementor-element-523932bb elementor-widget elementor-widget-spacer\" data-id=\"523932bb\" data-element_type=\"widget\" data-widget_type=\"spacer.default\">\n\t\t\t\t<div class=\"elementor-widget-container\">\n\t\t\t\t\t\t\t<div class=\"elementor-spacer\">\n\t\t\t<div class=\"elementor-spacer-inner\"><\/div>\n\t\t<\/div>\n\t\t\t\t\t\t<\/div>\n\t\t\t\t<\/div>\n\t\t\t\t\t<\/div>\n\t\t\t\t<\/div>\n\t\t<div class=\"elementor-element elementor-element-70f96f38 animated-slow e-flex e-con-boxed elementor-invisible e-con e-parent\" data-id=\"70f96f38\" data-element_type=\"container\" data-settings=\"{&quot;animation&quot;:&quot;fadeInUp&quot;}\">\n\t\t\t\t\t<div class=\"e-con-inner\">\n\t\t\t\t<div class=\"elementor-element elementor-element-d956820 elementor-widget elementor-widget-heading\" data-id=\"d956820\" data-element_type=\"widget\" data-widget_type=\"heading.default\">\n\t\t\t\t<div class=\"elementor-widget-container\">\n\t\t\t\t\t<h2 class=\"elementor-heading-title elementor-size-default\">Diferenciais<\/h2>\t\t\t\t<\/div>\n\t\t\t\t<\/div>\n\t\t\t\t\t<\/div>\n\t\t\t\t<\/div>\n\t\t<div class=\"elementor-element elementor-element-587c4f10 e-flex e-con-boxed e-con e-parent\" data-id=\"587c4f10\" data-element_type=\"container\">\n\t\t\t\t\t<div class=\"e-con-inner\">\n\t\t<div class=\"elementor-element elementor-element-4986070 animated-slow e-flex e-con-boxed elementor-invisible e-con e-child\" data-id=\"4986070\" data-element_type=\"container\" data-settings=\"{&quot;background_background&quot;:&quot;classic&quot;,&quot;animation&quot;:&quot;fadeInUp&quot;}\">\n\t\t\t\t\t<div class=\"e-con-inner\">\n\t\t<div class=\"elementor-element elementor-element-4893040 e-con-full e-flex e-con e-child\" data-id=\"4893040\" data-element_type=\"container\">\n\t\t\t\t<div class=\"elementor-element elementor-element-d090ffa elementor-widget__width-initial e-transform elementor-widget elementor-widget-image\" data-id=\"d090ffa\" data-element_type=\"widget\" data-settings=\"{&quot;_transform_scale_effect_hover&quot;:{&quot;unit&quot;:&quot;px&quot;,&quot;size&quot;:1.100000000000000088817841970012523233890533447265625,&quot;sizes&quot;:[]},&quot;_transform_scale_effect_hover_widescreen&quot;:{&quot;unit&quot;:&quot;px&quot;,&quot;size&quot;:&quot;&quot;,&quot;sizes&quot;:[]},&quot;_transform_scale_effect_hover_tablet&quot;:{&quot;unit&quot;:&quot;px&quot;,&quot;size&quot;:&quot;&quot;,&quot;sizes&quot;:[]},&quot;_transform_scale_effect_hover_mobile&quot;:{&quot;unit&quot;:&quot;px&quot;,&quot;size&quot;:&quot;&quot;,&quot;sizes&quot;:[]}}\" data-widget_type=\"image.default\">\n\t\t\t\t<div class=\"elementor-widget-container\">\n\t\t\t\t\t\t\t\t\t\t\t\t\t\t\t\t<a href=\"#elementor-action%3Aaction%3Dpopup%3Aopen%26settings%3DeyJpZCI6IjYxNCIsInRvZ2dsZSI6ZmFsc2V9\">\n\t\t\t\t\t\t\t<img decoding=\"async\" width=\"150\" height=\"150\" src=\"https:\/\/www.colegiojesusmariajose.org.br\/sp\/wp-content\/uploads\/2023\/07\/Ativo-1@300x-150x150.png\" class=\"attachment-thumbnail size-thumbnail wp-image-304\" alt=\"\" srcset=\"https:\/\/www.colegiojesusmariajose.org.br\/sp\/wp-content\/uploads\/2023\/07\/Ativo-1@300x-150x150.png 150w, https:\/\/www.colegiojesusmariajose.org.br\/sp\/wp-content\/uploads\/2023\/07\/Ativo-1@300x-300x300.png 300w, https:\/\/www.colegiojesusmariajose.org.br\/sp\/wp-content\/uploads\/2023\/07\/Ativo-1@300x-768x768.png 768w, https:\/\/www.colegiojesusmariajose.org.br\/sp\/wp-content\/uploads\/2023\/07\/elementor\/thumbs\/Ativo-1@300x-q9nqy79ndnmiszi5i6ao9shd4hach7xzfm9br3d4so.png 500w, https:\/\/www.colegiojesusmariajose.org.br\/sp\/wp-content\/uploads\/2023\/07\/elementor\/thumbs\/Ativo-1@300x-q9nqy79i9gpi1d8gyqnre9c8rnli3ufyq2zlx7cso0.png 80w, https:\/\/www.colegiojesusmariajose.org.br\/sp\/wp-content\/uploads\/2023\/07\/Ativo-1@300x.png 776w\" sizes=\"(max-width: 150px) 100vw, 150px\" \/>\t\t\t\t\t\t\t\t<\/a>\n\t\t\t\t\t\t\t\t\t\t\t\t\t\t\t<\/div>\n\t\t\t\t<\/div>\n\t\t\t\t<div class=\"elementor-element elementor-element-3795db5 elementor-widget elementor-widget-heading\" data-id=\"3795db5\" data-element_type=\"widget\" data-widget_type=\"heading.default\">\n\t\t\t\t<div class=\"elementor-widget-container\">\n\t\t\t\t\t<h4 class=\"elementor-heading-title elementor-size-default\">Per\u00edodo Integral<\/h4>\t\t\t\t<\/div>\n\t\t\t\t<\/div>\n\t\t\t\t<\/div>\n\t\t<div class=\"elementor-element elementor-element-fa0f203 e-con-full e-flex e-con e-child\" data-id=\"fa0f203\" data-element_type=\"container\">\n\t\t\t\t<div class=\"elementor-element elementor-element-1923c7a elementor-widget__width-initial e-transform elementor-widget-tablet__width-initial elementor-widget elementor-widget-image\" data-id=\"1923c7a\" data-element_type=\"widget\" data-settings=\"{&quot;_transform_scale_effect_hover&quot;:{&quot;unit&quot;:&quot;px&quot;,&quot;size&quot;:1.100000000000000088817841970012523233890533447265625,&quot;sizes&quot;:[]},&quot;_transform_scale_effect_hover_widescreen&quot;:{&quot;unit&quot;:&quot;px&quot;,&quot;size&quot;:&quot;&quot;,&quot;sizes&quot;:[]},&quot;_transform_scale_effect_hover_tablet&quot;:{&quot;unit&quot;:&quot;px&quot;,&quot;size&quot;:&quot;&quot;,&quot;sizes&quot;:[]},&quot;_transform_scale_effect_hover_mobile&quot;:{&quot;unit&quot;:&quot;px&quot;,&quot;size&quot;:&quot;&quot;,&quot;sizes&quot;:[]}}\" data-widget_type=\"image.default\">\n\t\t\t\t<div class=\"elementor-widget-container\">\n\t\t\t\t\t\t\t\t\t\t\t\t\t\t\t\t<a href=\"#elementor-action%3Aaction%3Dpopup%3Aopen%26settings%3DeyJpZCI6IjYyOCIsInRvZ2dsZSI6ZmFsc2V9\">\n\t\t\t\t\t\t\t<img fetchpriority=\"high\" decoding=\"async\" width=\"300\" height=\"227\" src=\"https:\/\/www.colegiojesusmariajose.org.br\/sp\/wp-content\/uploads\/2023\/07\/Ativo-101@300x-300x227.png\" class=\"attachment-medium size-medium wp-image-312\" alt=\"\" srcset=\"https:\/\/www.colegiojesusmariajose.org.br\/sp\/wp-content\/uploads\/2023\/07\/Ativo-101@300x-300x227.png 300w, https:\/\/www.colegiojesusmariajose.org.br\/sp\/wp-content\/uploads\/2023\/07\/Ativo-101@300x-768x582.png 768w, https:\/\/www.colegiojesusmariajose.org.br\/sp\/wp-content\/uploads\/2023\/07\/Ativo-101@300x.png 1018w\" sizes=\"(max-width: 300px) 100vw, 300px\" \/>\t\t\t\t\t\t\t\t<\/a>\n\t\t\t\t\t\t\t\t\t\t\t\t\t\t\t<\/div>\n\t\t\t\t<\/div>\n\t\t\t\t<div class=\"elementor-element elementor-element-4fc1435 elementor-widget elementor-widget-heading\" data-id=\"4fc1435\" data-element_type=\"widget\" data-widget_type=\"heading.default\">\n\t\t\t\t<div class=\"elementor-widget-container\">\n\t\t\t\t\t<h4 class=\"elementor-heading-title elementor-size-default\">Programa Bil\u00cdngue<\/h4>\t\t\t\t<\/div>\n\t\t\t\t<\/div>\n\t\t\t\t<\/div>\n\t\t<div class=\"elementor-element elementor-element-59346c1 e-con-full e-flex e-con e-child\" data-id=\"59346c1\" data-element_type=\"container\">\n\t\t\t\t<div class=\"elementor-element elementor-element-fcf1b5d elementor-widget__width-initial e-transform elementor-widget elementor-widget-image\" data-id=\"fcf1b5d\" data-element_type=\"widget\" data-settings=\"{&quot;_transform_scale_effect_hover&quot;:{&quot;unit&quot;:&quot;px&quot;,&quot;size&quot;:1.100000000000000088817841970012523233890533447265625,&quot;sizes&quot;:[]},&quot;_transform_scale_effect_hover_widescreen&quot;:{&quot;unit&quot;:&quot;px&quot;,&quot;size&quot;:&quot;&quot;,&quot;sizes&quot;:[]},&quot;_transform_scale_effect_hover_tablet&quot;:{&quot;unit&quot;:&quot;px&quot;,&quot;size&quot;:&quot;&quot;,&quot;sizes&quot;:[]},&quot;_transform_scale_effect_hover_mobile&quot;:{&quot;unit&quot;:&quot;px&quot;,&quot;size&quot;:&quot;&quot;,&quot;sizes&quot;:[]}}\" data-widget_type=\"image.default\">\n\t\t\t\t<div class=\"elementor-widget-container\">\n\t\t\t\t\t\t\t\t\t\t\t\t\t\t\t\t<a href=\"#elementor-action%3Aaction%3Dpopup%3Aopen%26settings%3DeyJpZCI6IjYyNSIsInRvZ2dsZSI6ZmFsc2V9\">\n\t\t\t\t\t\t\t<img decoding=\"async\" width=\"300\" height=\"213\" src=\"https:\/\/www.colegiojesusmariajose.org.br\/sp\/wp-content\/uploads\/2023\/07\/Ativo-99@300x-300x213.png\" class=\"attachment-medium size-medium wp-image-307\" alt=\"\" srcset=\"https:\/\/www.colegiojesusmariajose.org.br\/sp\/wp-content\/uploads\/2023\/07\/Ativo-99@300x-300x213.png 300w, https:\/\/www.colegiojesusmariajose.org.br\/sp\/wp-content\/uploads\/2023\/07\/Ativo-99@300x-768x545.png 768w, https:\/\/www.colegiojesusmariajose.org.br\/sp\/wp-content\/uploads\/2023\/07\/Ativo-99@300x.png 943w\" sizes=\"(max-width: 300px) 100vw, 300px\" \/>\t\t\t\t\t\t\t\t<\/a>\n\t\t\t\t\t\t\t\t\t\t\t\t\t\t\t<\/div>\n\t\t\t\t<\/div>\n\t\t\t\t<div class=\"elementor-element elementor-element-81826a4 elementor-widget elementor-widget-heading\" data-id=\"81826a4\" data-element_type=\"widget\" data-widget_type=\"heading.default\">\n\t\t\t\t<div class=\"elementor-widget-container\">\n\t\t\t\t\t<h4 class=\"elementor-heading-title elementor-size-default\">Forma\u00e7\u00e3o Humana<\/h4>\t\t\t\t<\/div>\n\t\t\t\t<\/div>\n\t\t\t\t<\/div>\n\t\t<div class=\"elementor-element elementor-element-a9961da e-con-full e-flex e-con e-child\" data-id=\"a9961da\" data-element_type=\"container\">\n\t\t\t\t<div class=\"elementor-element elementor-element-c90c8dc elementor-widget__width-initial e-transform elementor-widget elementor-widget-image\" data-id=\"c90c8dc\" data-element_type=\"widget\" data-settings=\"{&quot;_transform_scale_effect_hover&quot;:{&quot;unit&quot;:&quot;px&quot;,&quot;size&quot;:1.100000000000000088817841970012523233890533447265625,&quot;sizes&quot;:[]},&quot;_transform_scale_effect_hover_widescreen&quot;:{&quot;unit&quot;:&quot;px&quot;,&quot;size&quot;:&quot;&quot;,&quot;sizes&quot;:[]},&quot;_transform_scale_effect_hover_tablet&quot;:{&quot;unit&quot;:&quot;px&quot;,&quot;size&quot;:&quot;&quot;,&quot;sizes&quot;:[]},&quot;_transform_scale_effect_hover_mobile&quot;:{&quot;unit&quot;:&quot;px&quot;,&quot;size&quot;:&quot;&quot;,&quot;sizes&quot;:[]}}\" data-widget_type=\"image.default\">\n\t\t\t\t<div class=\"elementor-widget-container\">\n\t\t\t\t\t\t\t\t\t\t\t\t\t\t\t\t<a href=\"#elementor-action%3Aaction%3Dpopup%3Aopen%26settings%3DeyJpZCI6IjYzOSIsInRvZ2dsZSI6ZmFsc2V9\">\n\t\t\t\t\t\t\t<img loading=\"lazy\" decoding=\"async\" width=\"300\" height=\"295\" src=\"https:\/\/www.colegiojesusmariajose.org.br\/sp\/wp-content\/uploads\/2023\/07\/Ativo-106@300x-300x295.png\" class=\"attachment-medium size-medium wp-image-332\" alt=\"\" srcset=\"https:\/\/www.colegiojesusmariajose.org.br\/sp\/wp-content\/uploads\/2023\/07\/Ativo-106@300x-300x295.png 300w, https:\/\/www.colegiojesusmariajose.org.br\/sp\/wp-content\/uploads\/2023\/07\/Ativo-106@300x-768x756.png 768w, https:\/\/www.colegiojesusmariajose.org.br\/sp\/wp-content\/uploads\/2023\/07\/Ativo-106@300x.png 779w\" sizes=\"(max-width: 300px) 100vw, 300px\" \/>\t\t\t\t\t\t\t\t<\/a>\n\t\t\t\t\t\t\t\t\t\t\t\t\t\t\t<\/div>\n\t\t\t\t<\/div>\n\t\t\t\t<div class=\"elementor-element elementor-element-7c12e63 elementor-widget elementor-widget-heading\" data-id=\"7c12e63\" data-element_type=\"widget\" data-widget_type=\"heading.default\">\n\t\t\t\t<div class=\"elementor-widget-container\">\n\t\t\t\t\t<h4 class=\"elementor-heading-title elementor-size-default\">Cursos Extras<\/h4>\t\t\t\t<\/div>\n\t\t\t\t<\/div>\n\t\t\t\t<\/div>\n\t\t\t\t\t<\/div>\n\t\t\t\t<\/div>\n\t\t\t\t\t<\/div>\n\t\t\t\t<\/div>\n\t\t<div class=\"elementor-element elementor-element-1e4a960f e-flex e-con-boxed e-con e-parent\" data-id=\"1e4a960f\" data-element_type=\"container\" data-settings=\"{&quot;background_background&quot;:&quot;classic&quot;}\">\n\t\t\t\t\t<div class=\"e-con-inner\">\n\t\t\t\t<div class=\"elementor-element elementor-element-44ffcc30 animated-slow elementor-invisible elementor-widget elementor-widget-heading\" data-id=\"44ffcc30\" data-element_type=\"widget\" data-settings=\"{&quot;_animation&quot;:&quot;fadeInUp&quot;}\" data-widget_type=\"heading.default\">\n\t\t\t\t<div class=\"elementor-widget-container\">\n\t\t\t\t\t<h2 class=\"elementor-heading-title elementor-size-default\">Parcerias<\/h2>\t\t\t\t<\/div>\n\t\t\t\t<\/div>\n\t\t\t\t\t<\/div>\n\t\t\t\t<\/div>\n\t\t<div class=\"elementor-element elementor-element-3938ea79 e-flex e-con-boxed e-con e-parent\" data-id=\"3938ea79\" data-element_type=\"container\" data-settings=\"{&quot;background_background&quot;:&quot;classic&quot;}\">\n\t\t\t\t\t<div class=\"e-con-inner\">\n\t\t\t\t<div class=\"elementor-element elementor-element-22b73448 animated-slow elementor-invisible elementor-widget elementor-widget-text-editor\" data-id=\"22b73448\" data-element_type=\"widget\" data-settings=\"{&quot;_animation&quot;:&quot;fadeInUp&quot;}\" data-widget_type=\"text-editor.default\">\n\t\t\t\t<div class=\"elementor-widget-container\">\n\t\t\t\t\t\t\t\t\t<div class=\"zw-line-div\"><div class=\"zw-line-content\"><p>O Col\u00e9gio Jesus Maria Jos\u00e9 conta com parceiros que potencializam a proposta pedag\u00f3gica da nossa escola. Conhe\u00e7a cada um deles.<\/p><\/div><\/div>\t\t\t\t\t\t\t\t<\/div>\n\t\t\t\t<\/div>\n\t\t\t\t\t<\/div>\n\t\t\t\t<\/div>\n\t\t<div class=\"elementor-element elementor-element-305fc5c6 e-flex e-con-boxed e-con e-parent\" data-id=\"305fc5c6\" data-element_type=\"container\">\n\t\t\t\t\t<div class=\"e-con-inner\">\n\t\t\t\t<div class=\"elementor-element elementor-element-dd6b6e6 elementor-widget elementor-widget-spacer\" data-id=\"dd6b6e6\" data-element_type=\"widget\" data-widget_type=\"spacer.default\">\n\t\t\t\t<div class=\"elementor-widget-container\">\n\t\t\t\t\t\t\t<div class=\"elementor-spacer\">\n\t\t\t<div class=\"elementor-spacer-inner\"><\/div>\n\t\t<\/div>\n\t\t\t\t\t\t<\/div>\n\t\t\t\t<\/div>\n\t\t\t\t\t<\/div>\n\t\t\t\t<\/div>\n\t\t<div class=\"elementor-element elementor-element-6bca5b7e animated-slow e-flex e-con-boxed elementor-invisible e-con e-parent\" data-id=\"6bca5b7e\" data-element_type=\"container\" data-settings=\"{&quot;animation&quot;:&quot;fadeInUp&quot;}\">\n\t\t\t\t\t<div class=\"e-con-inner\">\n\t\t<div class=\"elementor-element elementor-element-a778d87 e-con-full e-flex e-con e-child\" data-id=\"a778d87\" data-element_type=\"container\">\n\t\t\t\t<div class=\"elementor-element elementor-element-f908c4a elementor-widget elementor-widget-image\" data-id=\"f908c4a\" data-element_type=\"widget\" data-widget_type=\"image.default\">\n\t\t\t\t<div class=\"elementor-widget-container\">\n\t\t\t\t\t\t\t\t\t\t\t\t\t\t\t<img decoding=\"async\" src=\"https:\/\/www.colegiojesusmariajose.org.br\/sp\/wp-content\/uploads\/elementor\/thumbs\/Inter-school-1-qb8t454trgp4uk8wpdqv7hm2g6bvtaww72q49xindc.png\" title=\"Inter-school (1)\" alt=\"Inter-school (1)\" loading=\"lazy\" \/>\t\t\t\t\t\t\t\t\t\t\t\t\t\t\t<\/div>\n\t\t\t\t<\/div>\n\t\t\t\t<\/div>\n\t\t<div class=\"elementor-element elementor-element-d211206 e-con-full e-flex e-con e-child\" data-id=\"d211206\" data-element_type=\"container\">\n\t\t\t\t<div class=\"elementor-element elementor-element-026bd8e elementor-widget elementor-widget-heading\" data-id=\"026bd8e\" data-element_type=\"widget\" data-widget_type=\"heading.default\">\n\t\t\t\t<div class=\"elementor-widget-container\">\n\t\t\t\t\t<h2 class=\"elementor-heading-title elementor-size-default\">INTERNATIONAL SCHOOL<\/h2>\t\t\t\t<\/div>\n\t\t\t\t<\/div>\n\t\t\t\t<div class=\"elementor-element elementor-element-4eaef93 elementor-widget elementor-widget-text-editor\" data-id=\"4eaef93\" data-element_type=\"widget\" data-widget_type=\"text-editor.default\">\n\t\t\t\t<div class=\"elementor-widget-container\">\n\t\t\t\t\t\t\t\t\t<p>No Col\u00e9gio Jesus Maria Jos\u00e9 contamos com um Programa Bil\u00edngue, em parceria com a International School. Com isso, os alunos aprendem a l\u00edngua inglesa integrada aos assuntos do curr\u00edculo escolar.<\/p><p><strong><u><a href=\"https:\/\/internationalschool.global\">Clique aqui<\/a><\/u><\/strong> e acesse o site.<\/p>\t\t\t\t\t\t\t\t<\/div>\n\t\t\t\t<\/div>\n\t\t\t\t<\/div>\n\t\t\t\t\t<\/div>\n\t\t\t\t<\/div>\n\t\t<div class=\"elementor-element elementor-element-669d96f e-flex e-con-boxed e-con e-parent\" data-id=\"669d96f\" data-element_type=\"container\">\n\t\t\t\t\t<div class=\"e-con-inner\">\n\t\t\t\t<div class=\"elementor-element elementor-element-733a121 elementor-widget elementor-widget-spacer\" data-id=\"733a121\" data-element_type=\"widget\" data-widget_type=\"spacer.default\">\n\t\t\t\t<div class=\"elementor-widget-container\">\n\t\t\t\t\t\t\t<div class=\"elementor-spacer\">\n\t\t\t<div class=\"elementor-spacer-inner\"><\/div>\n\t\t<\/div>\n\t\t\t\t\t\t<\/div>\n\t\t\t\t<\/div>\n\t\t\t\t\t<\/div>\n\t\t\t\t<\/div>\n\t\t<div class=\"elementor-element elementor-element-31af776 animated-slow e-flex e-con-boxed elementor-invisible e-con e-parent\" data-id=\"31af776\" data-element_type=\"container\" data-settings=\"{&quot;animation&quot;:&quot;fadeInUp&quot;}\">\n\t\t\t\t\t<div class=\"e-con-inner\">\n\t\t<div class=\"elementor-element elementor-element-5124607 e-con-full e-flex e-con e-child\" data-id=\"5124607\" data-element_type=\"container\">\n\t\t\t\t<div class=\"elementor-element elementor-element-abf8fdf elementor-widget elementor-widget-heading\" data-id=\"abf8fdf\" data-element_type=\"widget\" data-widget_type=\"heading.default\">\n\t\t\t\t<div class=\"elementor-widget-container\">\n\t\t\t\t\t<h2 class=\"elementor-heading-title elementor-size-default\">SISTEMA ETAPA<\/h2>\t\t\t\t<\/div>\n\t\t\t\t<\/div>\n\t\t\t\t<div class=\"elementor-element elementor-element-75c2bd1 elementor-widget elementor-widget-text-editor\" data-id=\"75c2bd1\" data-element_type=\"widget\" data-widget_type=\"text-editor.default\">\n\t\t\t\t<div class=\"elementor-widget-container\">\n\t\t\t\t\t\t\t\t\t<p>No Ensino Fundamental e no Ensino M\u00e9dio, os materiais did\u00e1ticos utilizados s\u00e3o do Sistema Etapa, que preparam nossos alunos para uma fase de estudos mais avan\u00e7ados e aprofundados.<br \/><br \/><\/p><p><strong><u><a href=\"https:\/\/www.sistemaetapa.com.br\">Clique aqui<\/a><\/u><\/strong> e acesse o site.<\/p>\t\t\t\t\t\t\t\t<\/div>\n\t\t\t\t<\/div>\n\t\t\t\t<\/div>\n\t\t<div class=\"elementor-element elementor-element-6d7dd3c e-con-full e-flex e-con e-child\" data-id=\"6d7dd3c\" data-element_type=\"container\">\n\t\t\t\t<div class=\"elementor-element elementor-element-027da8b elementor-widget elementor-widget-image\" data-id=\"027da8b\" data-element_type=\"widget\" data-widget_type=\"image.default\">\n\t\t\t\t<div class=\"elementor-widget-container\">\n\t\t\t\t\t\t\t\t\t\t\t\t\t\t\t<img decoding=\"async\" src=\"https:\/\/www.colegiojesusmariajose.org.br\/sp\/wp-content\/uploads\/elementor\/thumbs\/sist-etapa-2-qb8tgndip3thbs2woad5vtzuzqop8bkbkz7p5gz2kw.png\" title=\"sist-etapa (2)\" alt=\"sist-etapa (2)\" loading=\"lazy\" \/>\t\t\t\t\t\t\t\t\t\t\t\t\t\t\t<\/div>\n\t\t\t\t<\/div>\n\t\t\t\t<\/div>\n\t\t\t\t\t<\/div>\n\t\t\t\t<\/div>\n\t\t<div class=\"elementor-element elementor-element-cda73c6 e-flex e-con-boxed e-con e-parent\" data-id=\"cda73c6\" data-element_type=\"container\">\n\t\t\t\t\t<div class=\"e-con-inner\">\n\t\t\t\t<div class=\"elementor-element elementor-element-6018f0a elementor-widget elementor-widget-spacer\" data-id=\"6018f0a\" data-element_type=\"widget\" data-widget_type=\"spacer.default\">\n\t\t\t\t<div class=\"elementor-widget-container\">\n\t\t\t\t\t\t\t<div class=\"elementor-spacer\">\n\t\t\t<div class=\"elementor-spacer-inner\"><\/div>\n\t\t<\/div>\n\t\t\t\t\t\t<\/div>\n\t\t\t\t<\/div>\n\t\t\t\t\t<\/div>\n\t\t\t\t<\/div>\n\t\t\t\t<\/div>\n\t\t","protected":false},"excerpt":{"rendered":"<p>Proposta Pedag\u00f3gica A nossa proposta pedag\u00f3gica est\u00e1 pautada em uma educa\u00e7\u00e3o de qualidade com uma s\u00f3lida forma\u00e7\u00e3o humana. Aqui, o aluno \u00e9 estimulado a desenvolver todas as suas potencialidades, por meio do conhecimento, do exerc\u00edcio da \u00e9tica e da forma\u00e7\u00e3o cidad\u00e3. O Col\u00e9gio Jesus Maria Jos\u00e9 acolhe os alunos, os pais e a comunidade de [&hellip;]<\/p>\n","protected":false},"author":1,"featured_media":0,"parent":0,"menu_order":0,"comment_status":"closed","ping_status":"closed","template":"elementor_header_footer","meta":{"footnotes":""},"folder":[],"class_list":["post-1838","page","type-page","status-publish","hentry"],"aioseo_notices":[],"_links":{"self":[{"href":"https:\/\/www.colegiojesusmariajose.org.br\/sp\/wp-json\/wp\/v2\/pages\/1838","targetHints":{"allow":["GET"]}}],"collection":[{"href":"https:\/\/www.colegiojesusmariajose.org.br\/sp\/wp-json\/wp\/v2\/pages"}],"about":[{"href":"https:\/\/www.colegiojesusmariajose.org.br\/sp\/wp-json\/wp\/v2\/types\/page"}],"author":[{"embeddable":true,"href":"https:\/\/www.colegiojesusmariajose.org.br\/sp\/wp-json\/wp\/v2\/users\/1"}],"replies":[{"embeddable":true,"href":"https:\/\/www.colegiojesusmariajose.org.br\/sp\/wp-json\/wp\/v2\/comments?post=1838"}],"version-history":[{"count":10,"href":"https:\/\/www.colegiojesusmariajose.org.br\/sp\/wp-json\/wp\/v2\/pages\/1838\/revisions"}],"predecessor-version":[{"id":3330,"href":"https:\/\/www.colegiojesusmariajose.org.br\/sp\/wp-json\/wp\/v2\/pages\/1838\/revisions\/3330"}],"wp:attachment":[{"href":"https:\/\/www.colegiojesusmariajose.org.br\/sp\/wp-json\/wp\/v2\/media?parent=1838"}],"wp:term":[{"taxonomy":"folder","embeddable":true,"href":"https:\/\/www.colegiojesusmariajose.org.br\/sp\/wp-json\/wp\/v2\/folder?post=1838"}],"curies":[{"name":"wp","href":"https:\/\/api.w.org\/{rel}","templated":true}]}}