{"id":2113,"date":"2023-08-22T11:23:32","date_gmt":"2023-08-22T14:23:32","guid":{"rendered":"https:\/\/www.colegiojesusmariajose.org.br\/sp\/?page_id=2113"},"modified":"2024-09-27T16:17:41","modified_gmt":"2024-09-27T19:17:41","slug":"educacao-infantil","status":"publish","type":"page","link":"https:\/\/www.colegiojesusmariajose.org.br\/sp\/educacao-infantil\/","title":{"rendered":"EDUCA\u00c7\u00c3O INFANTIL"},"content":{"rendered":"\t\t<div data-elementor-type=\"wp-page\" data-elementor-id=\"2113\" class=\"elementor elementor-2113\" data-elementor-post-type=\"page\">\n\t\t\t\t<div class=\"elementor-element elementor-element-9b70b00 e-flex e-con-boxed e-con e-parent\" data-id=\"9b70b00\" data-element_type=\"container\" data-settings=\"{&quot;background_background&quot;:&quot;classic&quot;}\">\n\t\t\t\t\t<div class=\"e-con-inner\">\n\t\t<div class=\"elementor-element elementor-element-7f320e8 e-con-full e-flex e-con e-child\" data-id=\"7f320e8\" data-element_type=\"container\">\n\t\t\t\t<div class=\"elementor-element elementor-element-faf08f4 elementor-widget elementor-widget-heading\" data-id=\"faf08f4\" data-element_type=\"widget\" data-widget_type=\"heading.default\">\n\t\t\t\t<div class=\"elementor-widget-container\">\n\t\t\t\t\t<h2 class=\"elementor-heading-title elementor-size-default\">EDUCA\u00c7\u00c3O INFANTIL<\/h2>\t\t\t\t<\/div>\n\t\t\t\t<\/div>\n\t\t\t\t<\/div>\n\t\t\t\t\t<\/div>\n\t\t\t\t<\/div>\n\t\t<div class=\"elementor-element elementor-element-3f37501a e-flex e-con-boxed e-con e-parent\" data-id=\"3f37501a\" data-element_type=\"container\">\n\t\t\t\t\t<div class=\"e-con-inner\">\n\t\t\t\t<div class=\"elementor-element elementor-element-62c31ac8 elementor-widget elementor-widget-spacer\" data-id=\"62c31ac8\" data-element_type=\"widget\" data-widget_type=\"spacer.default\">\n\t\t\t\t<div class=\"elementor-widget-container\">\n\t\t\t\t\t\t\t<div class=\"elementor-spacer\">\n\t\t\t<div class=\"elementor-spacer-inner\"><\/div>\n\t\t<\/div>\n\t\t\t\t\t\t<\/div>\n\t\t\t\t<\/div>\n\t\t\t\t\t<\/div>\n\t\t\t\t<\/div>\n\t\t<div class=\"elementor-element elementor-element-5d033c9b animated-slow e-flex e-con-boxed elementor-invisible e-con e-parent\" data-id=\"5d033c9b\" data-element_type=\"container\" data-settings=\"{&quot;animation&quot;:&quot;fadeInUp&quot;}\">\n\t\t\t\t\t<div class=\"e-con-inner\">\n\t\t<div class=\"elementor-element elementor-element-1156427a e-con-full e-flex e-con e-child\" data-id=\"1156427a\" data-element_type=\"container\">\n\t\t\t\t<div class=\"elementor-element elementor-element-146dd106 elementor-widget elementor-widget-image\" data-id=\"146dd106\" data-element_type=\"widget\" data-widget_type=\"image.default\">\n\t\t\t\t<div class=\"elementor-widget-container\">\n\t\t\t\t\t\t\t\t\t\t\t\t\t\t\t<img decoding=\"async\" src=\"https:\/\/www.colegiojesusmariajose.org.br\/sp\/wp-content\/uploads\/elementor\/thumbs\/WhatsApp-Image-2023-01-12-at-14.13.13-1024x682-1-qbahs70mx1ah2ny5sd2ywfhlg9mjmsnx0xatsxohq0.jpeg\" title=\"WhatsApp-Image-2023-01-12-at-14.13.13-1024&#215;682\" alt=\"WhatsApp-Image-2023-01-12-at-14.13.13-1024x682\" loading=\"lazy\" \/>\t\t\t\t\t\t\t\t\t\t\t\t\t\t\t<\/div>\n\t\t\t\t<\/div>\n\t\t\t\t<div class=\"elementor-element elementor-element-62c7b28 elementor-widget elementor-widget-image\" data-id=\"62c7b28\" data-element_type=\"widget\" data-widget_type=\"image.default\">\n\t\t\t\t<div class=\"elementor-widget-container\">\n\t\t\t\t\t\t\t\t\t\t\t\t\t\t\t<img decoding=\"async\" src=\"https:\/\/www.colegiojesusmariajose.org.br\/sp\/wp-content\/uploads\/elementor\/thumbs\/WhatsApp-Image-2023-01-12-at-14.11.45-1024x682-1-qbahwcgwnzerl8xw1wmrptx67p6ul1ozfdciu33f80.jpeg\" title=\"WhatsApp-Image-2023-01-12-at-14.11.45-1024&#215;682\" alt=\"WhatsApp-Image-2023-01-12-at-14.11.45-1024x682\" loading=\"lazy\" \/>\t\t\t\t\t\t\t\t\t\t\t\t\t\t\t<\/div>\n\t\t\t\t<\/div>\n\t\t\t\t<\/div>\n\t\t<div class=\"elementor-element elementor-element-16226411 e-con-full e-flex e-con e-child\" data-id=\"16226411\" data-element_type=\"container\">\n\t\t\t\t<div class=\"elementor-element elementor-element-61627871 elementor-widget elementor-widget-heading\" data-id=\"61627871\" data-element_type=\"widget\" data-widget_type=\"heading.default\">\n\t\t\t\t<div class=\"elementor-widget-container\">\n\t\t\t\t\t<h2 class=\"elementor-heading-title elementor-size-default\">EDUCA\u00c7\u00c3O INFANTIL<\/h2>\t\t\t\t<\/div>\n\t\t\t\t<\/div>\n\t\t\t\t<div class=\"elementor-element elementor-element-7553e73 elementor-widget elementor-widget-image\" data-id=\"7553e73\" data-element_type=\"widget\" data-widget_type=\"image.default\">\n\t\t\t\t<div class=\"elementor-widget-container\">\n\t\t\t\t\t\t\t\t\t\t\t\t\t\t\t<img fetchpriority=\"high\" decoding=\"async\" width=\"800\" height=\"533\" src=\"https:\/\/www.colegiojesusmariajose.org.br\/sp\/wp-content\/uploads\/2023\/08\/WhatsApp-Image-2023-01-12-at-14.12.47-1024x682-1.jpeg\" class=\"attachment-large size-large wp-image-2117\" alt=\"\" srcset=\"https:\/\/www.colegiojesusmariajose.org.br\/sp\/wp-content\/uploads\/2023\/08\/WhatsApp-Image-2023-01-12-at-14.12.47-1024x682-1.jpeg 1024w, https:\/\/www.colegiojesusmariajose.org.br\/sp\/wp-content\/uploads\/2023\/08\/WhatsApp-Image-2023-01-12-at-14.12.47-1024x682-1-300x200.jpeg 300w, https:\/\/www.colegiojesusmariajose.org.br\/sp\/wp-content\/uploads\/2023\/08\/WhatsApp-Image-2023-01-12-at-14.12.47-1024x682-1-768x512.jpeg 768w\" sizes=\"(max-width: 800px) 100vw, 800px\" \/>\t\t\t\t\t\t\t\t\t\t\t\t\t\t\t<\/div>\n\t\t\t\t<\/div>\n\t\t\t\t<div class=\"elementor-element elementor-element-e7c5bdd elementor-widget elementor-widget-text-editor\" data-id=\"e7c5bdd\" data-element_type=\"widget\" data-widget_type=\"text-editor.default\">\n\t\t\t\t<div class=\"elementor-widget-container\">\n\t\t\t\t\t\t\t\t\t<p>As primeiras experi\u00eancias vividas na escola constituem a base de um processo de escolaridade s\u00f3lido. \u00c9 no cotidiano da<strong> Educa\u00e7\u00e3o Infantil<\/strong> que as crian\u00e7as aprendem a investigar, projetar, confrontar saberes, compartilhar ideias e comunicar descobertas.<\/p><p>No <strong>Col\u00e9gio Jesus Maria Jos\u00e9<\/strong>, n\u00f3s trabalhamos em conson\u00e2ncia com a Base Nacional Comum Curricular (BNCC), que tem como eixos estruturantes as brincadeiras e as intera\u00e7\u00f5es. O professor, promotor de boas situa\u00e7\u00f5es de aprendizagem, oferece condi\u00e7\u00f5es para que as crian\u00e7as vivenciem desafios e sintam-se provocadas a resolv\u00ea-los, construindo significados sobre si, os outros, o mundo social e natural.<\/p><p>Em nossa escola, o ambiente acolhedor permite que cada crian\u00e7a desperte seu potencial e se expresse por meio de m\u00faltiplas linguagens, construindo uma autoimagem positiva, aspecto fundamental no processo de desenvolvimento.<\/p>\t\t\t\t\t\t\t\t<\/div>\n\t\t\t\t<\/div>\n\t\t\t\t<\/div>\n\t\t\t\t\t<\/div>\n\t\t\t\t<\/div>\n\t\t<div class=\"elementor-element elementor-element-39188a7d e-flex e-con-boxed e-con e-parent\" data-id=\"39188a7d\" data-element_type=\"container\">\n\t\t\t\t\t<div class=\"e-con-inner\">\n\t\t\t\t<div class=\"elementor-element elementor-element-7585d6e6 elementor-widget elementor-widget-spacer\" data-id=\"7585d6e6\" data-element_type=\"widget\" data-widget_type=\"spacer.default\">\n\t\t\t\t<div class=\"elementor-widget-container\">\n\t\t\t\t\t\t\t<div class=\"elementor-spacer\">\n\t\t\t<div class=\"elementor-spacer-inner\"><\/div>\n\t\t<\/div>\n\t\t\t\t\t\t<\/div>\n\t\t\t\t<\/div>\n\t\t\t\t\t<\/div>\n\t\t\t\t<\/div>\n\t\t\t\t<\/div>\n\t\t","protected":false},"excerpt":{"rendered":"<p>EDUCA\u00c7\u00c3O INFANTIL EDUCA\u00c7\u00c3O INFANTIL As primeiras experi\u00eancias vividas na escola constituem a base de um processo de escolaridade s\u00f3lido. \u00c9 no cotidiano da Educa\u00e7\u00e3o Infantil que as crian\u00e7as aprendem a investigar, projetar, confrontar saberes, compartilhar ideias e comunicar descobertas. No Col\u00e9gio Jesus Maria Jos\u00e9, n\u00f3s trabalhamos em conson\u00e2ncia com a Base Nacional Comum Curricular (BNCC), [&hellip;]<\/p>\n","protected":false},"author":1,"featured_media":0,"parent":0,"menu_order":0,"comment_status":"closed","ping_status":"closed","template":"elementor_header_footer","meta":{"footnotes":""},"folder":[],"class_list":["post-2113","page","type-page","status-publish","hentry"],"aioseo_notices":[],"_links":{"self":[{"href":"https:\/\/www.colegiojesusmariajose.org.br\/sp\/wp-json\/wp\/v2\/pages\/2113","targetHints":{"allow":["GET"]}}],"collection":[{"href":"https:\/\/www.colegiojesusmariajose.org.br\/sp\/wp-json\/wp\/v2\/pages"}],"about":[{"href":"https:\/\/www.colegiojesusmariajose.org.br\/sp\/wp-json\/wp\/v2\/types\/page"}],"author":[{"embeddable":true,"href":"https:\/\/www.colegiojesusmariajose.org.br\/sp\/wp-json\/wp\/v2\/users\/1"}],"replies":[{"embeddable":true,"href":"https:\/\/www.colegiojesusmariajose.org.br\/sp\/wp-json\/wp\/v2\/comments?post=2113"}],"version-history":[{"count":10,"href":"https:\/\/www.colegiojesusmariajose.org.br\/sp\/wp-json\/wp\/v2\/pages\/2113\/revisions"}],"predecessor-version":[{"id":3124,"href":"https:\/\/www.colegiojesusmariajose.org.br\/sp\/wp-json\/wp\/v2\/pages\/2113\/revisions\/3124"}],"wp:attachment":[{"href":"https:\/\/www.colegiojesusmariajose.org.br\/sp\/wp-json\/wp\/v2\/media?parent=2113"}],"wp:term":[{"taxonomy":"folder","embeddable":true,"href":"https:\/\/www.colegiojesusmariajose.org.br\/sp\/wp-json\/wp\/v2\/folder?post=2113"}],"curies":[{"name":"wp","href":"https:\/\/api.w.org\/{rel}","templated":true}]}}