{"id":2128,"date":"2023-08-22T11:40:47","date_gmt":"2023-08-22T14:40:47","guid":{"rendered":"https:\/\/www.colegiojesusmariajose.org.br\/sp\/?page_id=2128"},"modified":"2025-07-18T14:48:19","modified_gmt":"2025-07-18T17:48:19","slug":"anos-iniciais","status":"publish","type":"page","link":"https:\/\/www.colegiojesusmariajose.org.br\/sp\/anos-iniciais\/","title":{"rendered":"ANOS INICIAIS"},"content":{"rendered":"\t\t<div data-elementor-type=\"wp-page\" data-elementor-id=\"2128\" class=\"elementor elementor-2128\" data-elementor-post-type=\"page\">\n\t\t\t\t<div class=\"elementor-element elementor-element-6e7982b0 e-flex e-con-boxed e-con e-parent\" data-id=\"6e7982b0\" data-element_type=\"container\" data-settings=\"{&quot;background_background&quot;:&quot;classic&quot;}\">\n\t\t\t\t\t<div class=\"e-con-inner\">\n\t\t<div class=\"elementor-element elementor-element-2e445a98 e-flex e-con-boxed e-con e-child\" data-id=\"2e445a98\" data-element_type=\"container\">\n\t\t\t\t\t<div class=\"e-con-inner\">\n\t\t\t\t<div class=\"elementor-element elementor-element-3da6eb2e elementor-widget elementor-widget-heading\" data-id=\"3da6eb2e\" data-element_type=\"widget\" data-widget_type=\"heading.default\">\n\t\t\t\t<div class=\"elementor-widget-container\">\n\t\t\t\t\t<h2 class=\"elementor-heading-title elementor-size-default\">ANOS INICIAIS<\/h2>\t\t\t\t<\/div>\n\t\t\t\t<\/div>\n\t\t\t\t\t<\/div>\n\t\t\t\t<\/div>\n\t\t\t\t\t<\/div>\n\t\t\t\t<\/div>\n\t\t<div class=\"elementor-element elementor-element-7a21340f e-flex e-con-boxed e-con e-parent\" data-id=\"7a21340f\" data-element_type=\"container\">\n\t\t\t\t\t<div class=\"e-con-inner\">\n\t\t\t\t<div class=\"elementor-element elementor-element-cce8e53 elementor-widget elementor-widget-spacer\" data-id=\"cce8e53\" data-element_type=\"widget\" data-widget_type=\"spacer.default\">\n\t\t\t\t<div class=\"elementor-widget-container\">\n\t\t\t\t\t\t\t<div class=\"elementor-spacer\">\n\t\t\t<div class=\"elementor-spacer-inner\"><\/div>\n\t\t<\/div>\n\t\t\t\t\t\t<\/div>\n\t\t\t\t<\/div>\n\t\t\t\t\t<\/div>\n\t\t\t\t<\/div>\n\t\t<div class=\"elementor-element elementor-element-745c5678 animated-slow e-flex e-con-boxed elementor-invisible e-con e-parent\" data-id=\"745c5678\" data-element_type=\"container\" data-settings=\"{&quot;animation&quot;:&quot;fadeInUp&quot;}\">\n\t\t\t\t\t<div class=\"e-con-inner\">\n\t\t<div class=\"elementor-element elementor-element-1060e086 e-con-full e-flex e-con e-child\" data-id=\"1060e086\" data-element_type=\"container\">\n\t\t\t\t<div class=\"elementor-element elementor-element-22d5ad8e elementor-widget elementor-widget-image\" data-id=\"22d5ad8e\" data-element_type=\"widget\" data-widget_type=\"image.default\">\n\t\t\t\t<div class=\"elementor-widget-container\">\n\t\t\t\t\t\t\t\t\t\t\t\t\t\t\t<img decoding=\"async\" src=\"https:\/\/www.colegiojesusmariajose.org.br\/sp\/wp-content\/uploads\/elementor\/thumbs\/ANOS-INICIAIS-qf5k8ixcszrisofkka2u2xgg0xephhivo4yo0zenco.jpg\" title=\"ANOS INICIAIS\" alt=\"ANOS INICIAIS\" loading=\"lazy\" \/>\t\t\t\t\t\t\t\t\t\t\t\t\t\t\t<\/div>\n\t\t\t\t<\/div>\n\t\t\t\t<div class=\"elementor-element elementor-element-e67ec8e elementor-widget elementor-widget-image\" data-id=\"e67ec8e\" data-element_type=\"widget\" data-widget_type=\"image.default\">\n\t\t\t\t<div class=\"elementor-widget-container\">\n\t\t\t\t\t\t\t\t\t\t\t\t\t\t\t<img fetchpriority=\"high\" decoding=\"async\" width=\"800\" height=\"534\" src=\"https:\/\/www.colegiojesusmariajose.org.br\/sp\/wp-content\/uploads\/2023\/11\/ANOS-INICIAIS-2-1024x683.jpg\" class=\"attachment-large size-large wp-image-2697\" alt=\"\" srcset=\"https:\/\/www.colegiojesusmariajose.org.br\/sp\/wp-content\/uploads\/2023\/11\/ANOS-INICIAIS-2-1024x683.jpg 1024w, https:\/\/www.colegiojesusmariajose.org.br\/sp\/wp-content\/uploads\/2023\/11\/ANOS-INICIAIS-2-300x200.jpg 300w, https:\/\/www.colegiojesusmariajose.org.br\/sp\/wp-content\/uploads\/2023\/11\/ANOS-INICIAIS-2-768x512.jpg 768w, https:\/\/www.colegiojesusmariajose.org.br\/sp\/wp-content\/uploads\/2023\/11\/ANOS-INICIAIS-2-1536x1024.jpg 1536w, https:\/\/www.colegiojesusmariajose.org.br\/sp\/wp-content\/uploads\/2023\/11\/ANOS-INICIAIS-2.jpg 2048w\" sizes=\"(max-width: 800px) 100vw, 800px\" \/>\t\t\t\t\t\t\t\t\t\t\t\t\t\t\t<\/div>\n\t\t\t\t<\/div>\n\t\t\t\t<\/div>\n\t\t<div class=\"elementor-element elementor-element-781d4d8b e-con-full e-flex e-con e-child\" data-id=\"781d4d8b\" data-element_type=\"container\">\n\t\t\t\t<div class=\"elementor-element elementor-element-74cc77c1 elementor-widget elementor-widget-heading\" data-id=\"74cc77c1\" data-element_type=\"widget\" data-widget_type=\"heading.default\">\n\t\t\t\t<div class=\"elementor-widget-container\">\n\t\t\t\t\t<h2 class=\"elementor-heading-title elementor-size-default\">1\u00ba ao 5\u00ba ano<\/h2>\t\t\t\t<\/div>\n\t\t\t\t<\/div>\n\t\t\t\t<div class=\"elementor-element elementor-element-1f956e2f elementor-widget elementor-widget-text-editor\" data-id=\"1f956e2f\" data-element_type=\"widget\" data-widget_type=\"text-editor.default\">\n\t\t\t\t<div class=\"elementor-widget-container\">\n\t\t\t\t\t\t\t\t\t<p>Atento \u00e0s necessidades da crian\u00e7a e do adolescente de hoje, e alinhado \u00e0s tend\u00eancias pedag\u00f3gicas contempor\u00e2neas, o <strong>Col\u00e9gio Jesus Maria Jos\u00e9<\/strong> oferece uma forma\u00e7\u00e3o que integra os saberes curriculares com aos valores crist\u00e3os, \u00e9ticos e morais.<\/p><p>Aqui, os estudantes s\u00e3o estimulados a pensar criativamente, interagindo com diversas produ\u00e7\u00f5es culturais e mobilizando opera\u00e7\u00f5es cognitivas cada vez mais complexas. O percurso cont\u00ednuo de aprendizagens garante, al\u00e9m da formaliza\u00e7\u00e3o do conhecimento, a forma\u00e7\u00e3o de alunos engajados e art\u00edfices de seu processo de aprendizagem.<\/p><p>Al\u00e9m dos componentes curriculares previstos nos documentos oficiais, nossos alunos contam com o programa bil\u00edngue da <strong>International School<\/strong>, que prop\u00f5e a utiliza\u00e7\u00e3o da metodologia CLIL (<em>Content and Language Integrated Learning<\/em>) integrando l\u00edngua e conte\u00fado em aulas din\u00e2micas e interativas.\u00a0<\/p>\t\t\t\t\t\t\t\t<\/div>\n\t\t\t\t<\/div>\n\t\t\t\t<\/div>\n\t\t\t\t\t<\/div>\n\t\t\t\t<\/div>\n\t\t<div class=\"elementor-element elementor-element-45442595 e-flex e-con-boxed e-con e-parent\" data-id=\"45442595\" data-element_type=\"container\">\n\t\t\t\t\t<div class=\"e-con-inner\">\n\t\t\t\t<div class=\"elementor-element elementor-element-47a8a479 elementor-widget elementor-widget-spacer\" data-id=\"47a8a479\" data-element_type=\"widget\" data-widget_type=\"spacer.default\">\n\t\t\t\t<div class=\"elementor-widget-container\">\n\t\t\t\t\t\t\t<div class=\"elementor-spacer\">\n\t\t\t<div class=\"elementor-spacer-inner\"><\/div>\n\t\t<\/div>\n\t\t\t\t\t\t<\/div>\n\t\t\t\t<\/div>\n\t\t\t\t\t<\/div>\n\t\t\t\t<\/div>\n\t\t\t\t<\/div>\n\t\t","protected":false},"excerpt":{"rendered":"<p>ANOS INICIAIS 1\u00ba ao 5\u00ba ano Atento \u00e0s necessidades da crian\u00e7a e do adolescente de hoje, e alinhado \u00e0s tend\u00eancias pedag\u00f3gicas contempor\u00e2neas, o Col\u00e9gio Jesus Maria Jos\u00e9 oferece uma forma\u00e7\u00e3o que integra os saberes curriculares com aos valores crist\u00e3os, \u00e9ticos e morais. Aqui, os estudantes s\u00e3o estimulados a pensar criativamente, interagindo com diversas produ\u00e7\u00f5es culturais [&hellip;]<\/p>\n","protected":false},"author":1,"featured_media":0,"parent":0,"menu_order":0,"comment_status":"closed","ping_status":"closed","template":"elementor_header_footer","meta":{"footnotes":""},"folder":[],"class_list":["post-2128","page","type-page","status-publish","hentry"],"aioseo_notices":[],"_links":{"self":[{"href":"https:\/\/www.colegiojesusmariajose.org.br\/sp\/wp-json\/wp\/v2\/pages\/2128","targetHints":{"allow":["GET"]}}],"collection":[{"href":"https:\/\/www.colegiojesusmariajose.org.br\/sp\/wp-json\/wp\/v2\/pages"}],"about":[{"href":"https:\/\/www.colegiojesusmariajose.org.br\/sp\/wp-json\/wp\/v2\/types\/page"}],"author":[{"embeddable":true,"href":"https:\/\/www.colegiojesusmariajose.org.br\/sp\/wp-json\/wp\/v2\/users\/1"}],"replies":[{"embeddable":true,"href":"https:\/\/www.colegiojesusmariajose.org.br\/sp\/wp-json\/wp\/v2\/comments?post=2128"}],"version-history":[{"count":16,"href":"https:\/\/www.colegiojesusmariajose.org.br\/sp\/wp-json\/wp\/v2\/pages\/2128\/revisions"}],"predecessor-version":[{"id":3324,"href":"https:\/\/www.colegiojesusmariajose.org.br\/sp\/wp-json\/wp\/v2\/pages\/2128\/revisions\/3324"}],"wp:attachment":[{"href":"https:\/\/www.colegiojesusmariajose.org.br\/sp\/wp-json\/wp\/v2\/media?parent=2128"}],"wp:term":[{"taxonomy":"folder","embeddable":true,"href":"https:\/\/www.colegiojesusmariajose.org.br\/sp\/wp-json\/wp\/v2\/folder?post=2128"}],"curies":[{"name":"wp","href":"https:\/\/api.w.org\/{rel}","templated":true}]}}