{"id":2137,"date":"2023-08-22T11:45:19","date_gmt":"2023-08-22T14:45:19","guid":{"rendered":"https:\/\/www.colegiojesusmariajose.org.br\/sp\/?page_id=2137"},"modified":"2025-07-18T14:50:23","modified_gmt":"2025-07-18T17:50:23","slug":"anos-finais","status":"publish","type":"page","link":"https:\/\/www.colegiojesusmariajose.org.br\/sp\/anos-finais\/","title":{"rendered":"ANOS FINAIS"},"content":{"rendered":"\t\t<div data-elementor-type=\"wp-page\" data-elementor-id=\"2137\" class=\"elementor elementor-2137\" data-elementor-post-type=\"page\">\n\t\t\t\t<div class=\"elementor-element elementor-element-2c6a30f3 e-flex e-con-boxed e-con e-parent\" data-id=\"2c6a30f3\" data-element_type=\"container\" data-settings=\"{&quot;background_background&quot;:&quot;classic&quot;}\">\n\t\t\t\t\t<div class=\"e-con-inner\">\n\t\t<div class=\"elementor-element elementor-element-706ee48f e-flex e-con-boxed e-con e-child\" data-id=\"706ee48f\" data-element_type=\"container\">\n\t\t\t\t\t<div class=\"e-con-inner\">\n\t\t\t\t<div class=\"elementor-element elementor-element-526e09e6 elementor-widget elementor-widget-heading\" data-id=\"526e09e6\" data-element_type=\"widget\" data-widget_type=\"heading.default\">\n\t\t\t\t<div class=\"elementor-widget-container\">\n\t\t\t\t\t<h2 class=\"elementor-heading-title elementor-size-default\">ANOS FINAIS<\/h2>\t\t\t\t<\/div>\n\t\t\t\t<\/div>\n\t\t\t\t\t<\/div>\n\t\t\t\t<\/div>\n\t\t\t\t\t<\/div>\n\t\t\t\t<\/div>\n\t\t<div class=\"elementor-element elementor-element-78c88d16 e-flex e-con-boxed e-con e-parent\" data-id=\"78c88d16\" data-element_type=\"container\">\n\t\t\t\t\t<div class=\"e-con-inner\">\n\t\t\t\t<div class=\"elementor-element elementor-element-31ec8c84 elementor-widget elementor-widget-spacer\" data-id=\"31ec8c84\" data-element_type=\"widget\" data-widget_type=\"spacer.default\">\n\t\t\t\t<div class=\"elementor-widget-container\">\n\t\t\t\t\t\t\t<div class=\"elementor-spacer\">\n\t\t\t<div class=\"elementor-spacer-inner\"><\/div>\n\t\t<\/div>\n\t\t\t\t\t\t<\/div>\n\t\t\t\t<\/div>\n\t\t\t\t\t<\/div>\n\t\t\t\t<\/div>\n\t\t<div class=\"elementor-element elementor-element-1925654f animated-slow e-flex e-con-boxed elementor-invisible e-con e-parent\" data-id=\"1925654f\" data-element_type=\"container\" data-settings=\"{&quot;animation&quot;:&quot;fadeInUp&quot;}\">\n\t\t\t\t\t<div class=\"e-con-inner\">\n\t\t<div class=\"elementor-element elementor-element-53fee092 e-con-full e-flex e-con e-child\" data-id=\"53fee092\" data-element_type=\"container\">\n\t\t\t\t<div class=\"elementor-element elementor-element-7c01781f elementor-widget elementor-widget-image\" data-id=\"7c01781f\" data-element_type=\"widget\" data-widget_type=\"image.default\">\n\t\t\t\t<div class=\"elementor-widget-container\">\n\t\t\t\t\t\t\t\t\t\t\t\t\t\t\t<img decoding=\"async\" src=\"https:\/\/www.colegiojesusmariajose.org.br\/sp\/wp-content\/uploads\/elementor\/thumbs\/Anos-Finais-qeypt0ilanc14yspyiqdumh5v7yiv08ly8edmpa9q0.png\" title=\"Anos Finais\" alt=\"Anos Finais\" loading=\"lazy\" \/>\t\t\t\t\t\t\t\t\t\t\t\t\t\t\t<\/div>\n\t\t\t\t<\/div>\n\t\t\t\t<\/div>\n\t\t<div class=\"elementor-element elementor-element-4ac84b91 e-con-full e-flex e-con e-child\" data-id=\"4ac84b91\" data-element_type=\"container\">\n\t\t\t\t<div class=\"elementor-element elementor-element-785c3d88 elementor-widget elementor-widget-heading\" data-id=\"785c3d88\" data-element_type=\"widget\" data-widget_type=\"heading.default\">\n\t\t\t\t<div class=\"elementor-widget-container\">\n\t\t\t\t\t<h2 class=\"elementor-heading-title elementor-size-default\">6\u00ba ao 9\u00ba ano<\/h2>\t\t\t\t<\/div>\n\t\t\t\t<\/div>\n\t\t\t\t<div class=\"elementor-element elementor-element-2d05af11 elementor-widget elementor-widget-text-editor\" data-id=\"2d05af11\" data-element_type=\"widget\" data-widget_type=\"text-editor.default\">\n\t\t\t\t<div class=\"elementor-widget-container\">\n\t\t\t\t\t\t\t\t\t<p>Atento \u00e0s necessidades da crian\u00e7a e do adolescente de hoje, e alinhado \u00e0s tend\u00eancias pedag\u00f3gicas contempor\u00e2neas, o <strong>Col\u00e9gio Jesus Maria Jos\u00e9<\/strong> oferece uma forma\u00e7\u00e3o que integra os saberes curriculares com aos valores crist\u00e3os, \u00e9ticos e morais.<\/p><p>Aqui, os estudantes s\u00e3o estimulados a pensar criativamente, interagindo com diversas produ\u00e7\u00f5es culturais e mobilizando opera\u00e7\u00f5es cognitivas cada vez mais complexas. O percurso cont\u00ednuo de aprendizagens garante, al\u00e9m da formaliza\u00e7\u00e3o do conhecimento, a forma\u00e7\u00e3o de alunos engajados e art\u00edfices de seu processo de aprendizagem.<\/p><p>Al\u00e9m dos componentes curriculares previstos nos documentos oficiais, nossos alunos contam com o programa bil\u00edngue da <strong>International School<\/strong>, que prop\u00f5e a utiliza\u00e7\u00e3o da metodologia CLIL (<em>Content and Language Integrated Learning<\/em>) integrando l\u00edngua e conte\u00fado em aulas din\u00e2micas e interativas.\u00a0<\/p>\t\t\t\t\t\t\t\t<\/div>\n\t\t\t\t<\/div>\n\t\t\t\t<\/div>\n\t\t\t\t\t<\/div>\n\t\t\t\t<\/div>\n\t\t<div class=\"elementor-element elementor-element-15d73a0 e-flex e-con-boxed e-con e-parent\" data-id=\"15d73a0\" data-element_type=\"container\">\n\t\t\t\t\t<div class=\"e-con-inner\">\n\t\t\t\t<div class=\"elementor-element elementor-element-5d85b944 elementor-widget elementor-widget-spacer\" data-id=\"5d85b944\" data-element_type=\"widget\" data-widget_type=\"spacer.default\">\n\t\t\t\t<div class=\"elementor-widget-container\">\n\t\t\t\t\t\t\t<div class=\"elementor-spacer\">\n\t\t\t<div class=\"elementor-spacer-inner\"><\/div>\n\t\t<\/div>\n\t\t\t\t\t\t<\/div>\n\t\t\t\t<\/div>\n\t\t\t\t\t<\/div>\n\t\t\t\t<\/div>\n\t\t\t\t<\/div>\n\t\t","protected":false},"excerpt":{"rendered":"<p>ANOS FINAIS 6\u00ba ao 9\u00ba ano Atento \u00e0s necessidades da crian\u00e7a e do adolescente de hoje, e alinhado \u00e0s tend\u00eancias pedag\u00f3gicas contempor\u00e2neas, o Col\u00e9gio Jesus Maria Jos\u00e9 oferece uma forma\u00e7\u00e3o que integra os saberes curriculares com aos valores crist\u00e3os, \u00e9ticos e morais. Aqui, os estudantes s\u00e3o estimulados a pensar criativamente, interagindo com diversas produ\u00e7\u00f5es culturais [&hellip;]<\/p>\n","protected":false},"author":1,"featured_media":0,"parent":0,"menu_order":0,"comment_status":"closed","ping_status":"closed","template":"elementor_header_footer","meta":{"footnotes":""},"folder":[],"class_list":["post-2137","page","type-page","status-publish","hentry"],"aioseo_notices":[],"_links":{"self":[{"href":"https:\/\/www.colegiojesusmariajose.org.br\/sp\/wp-json\/wp\/v2\/pages\/2137","targetHints":{"allow":["GET"]}}],"collection":[{"href":"https:\/\/www.colegiojesusmariajose.org.br\/sp\/wp-json\/wp\/v2\/pages"}],"about":[{"href":"https:\/\/www.colegiojesusmariajose.org.br\/sp\/wp-json\/wp\/v2\/types\/page"}],"author":[{"embeddable":true,"href":"https:\/\/www.colegiojesusmariajose.org.br\/sp\/wp-json\/wp\/v2\/users\/1"}],"replies":[{"embeddable":true,"href":"https:\/\/www.colegiojesusmariajose.org.br\/sp\/wp-json\/wp\/v2\/comments?post=2137"}],"version-history":[{"count":13,"href":"https:\/\/www.colegiojesusmariajose.org.br\/sp\/wp-json\/wp\/v2\/pages\/2137\/revisions"}],"predecessor-version":[{"id":3327,"href":"https:\/\/www.colegiojesusmariajose.org.br\/sp\/wp-json\/wp\/v2\/pages\/2137\/revisions\/3327"}],"wp:attachment":[{"href":"https:\/\/www.colegiojesusmariajose.org.br\/sp\/wp-json\/wp\/v2\/media?parent=2137"}],"wp:term":[{"taxonomy":"folder","embeddable":true,"href":"https:\/\/www.colegiojesusmariajose.org.br\/sp\/wp-json\/wp\/v2\/folder?post=2137"}],"curies":[{"name":"wp","href":"https:\/\/api.w.org\/{rel}","templated":true}]}}