{"id":2149,"date":"2023-08-22T11:54:43","date_gmt":"2023-08-22T14:54:43","guid":{"rendered":"https:\/\/www.colegiojesusmariajose.org.br\/sp\/?page_id=2149"},"modified":"2024-10-16T23:19:17","modified_gmt":"2024-10-17T02:19:17","slug":"ensino-medio","status":"publish","type":"page","link":"https:\/\/www.colegiojesusmariajose.org.br\/sp\/ensino-medio\/","title":{"rendered":"ENSINO M\u00c9DIO"},"content":{"rendered":"\t\t<div data-elementor-type=\"wp-page\" data-elementor-id=\"2149\" class=\"elementor elementor-2149\" data-elementor-post-type=\"page\">\n\t\t\t\t<div class=\"elementor-element elementor-element-3434880b e-flex e-con-boxed e-con e-parent\" data-id=\"3434880b\" data-element_type=\"container\" data-settings=\"{&quot;background_background&quot;:&quot;classic&quot;}\">\n\t\t\t\t\t<div class=\"e-con-inner\">\n\t\t<div class=\"elementor-element elementor-element-4b95a03e e-flex e-con-boxed e-con e-child\" data-id=\"4b95a03e\" data-element_type=\"container\">\n\t\t\t\t\t<div class=\"e-con-inner\">\n\t\t\t\t<div class=\"elementor-element elementor-element-6e755048 elementor-widget elementor-widget-heading\" data-id=\"6e755048\" data-element_type=\"widget\" data-widget_type=\"heading.default\">\n\t\t\t\t<div class=\"elementor-widget-container\">\n\t\t\t\t\t<h2 class=\"elementor-heading-title elementor-size-default\">ENSINO M\u00c9DIO<\/h2>\t\t\t\t<\/div>\n\t\t\t\t<\/div>\n\t\t\t\t\t<\/div>\n\t\t\t\t<\/div>\n\t\t\t\t\t<\/div>\n\t\t\t\t<\/div>\n\t\t<div class=\"elementor-element elementor-element-78a2a9b1 e-flex e-con-boxed e-con e-parent\" data-id=\"78a2a9b1\" data-element_type=\"container\">\n\t\t\t\t\t<div class=\"e-con-inner\">\n\t\t\t\t<div class=\"elementor-element elementor-element-7432e0a7 elementor-widget elementor-widget-spacer\" data-id=\"7432e0a7\" data-element_type=\"widget\" data-widget_type=\"spacer.default\">\n\t\t\t\t<div class=\"elementor-widget-container\">\n\t\t\t\t\t\t\t<div class=\"elementor-spacer\">\n\t\t\t<div class=\"elementor-spacer-inner\"><\/div>\n\t\t<\/div>\n\t\t\t\t\t\t<\/div>\n\t\t\t\t<\/div>\n\t\t\t\t\t<\/div>\n\t\t\t\t<\/div>\n\t\t<div class=\"elementor-element elementor-element-7186a723 animated-slow e-flex e-con-boxed elementor-invisible e-con e-parent\" data-id=\"7186a723\" data-element_type=\"container\" data-settings=\"{&quot;animation&quot;:&quot;fadeInUp&quot;}\">\n\t\t\t\t\t<div class=\"e-con-inner\">\n\t\t<div class=\"elementor-element elementor-element-60dd631 e-con-full e-flex e-con e-child\" data-id=\"60dd631\" data-element_type=\"container\">\n\t\t\t\t<div class=\"elementor-element elementor-element-13ae17d0 elementor-widget elementor-widget-image\" data-id=\"13ae17d0\" data-element_type=\"widget\" data-widget_type=\"image.default\">\n\t\t\t\t<div class=\"elementor-widget-container\">\n\t\t\t\t\t\t\t\t\t\t\t\t\t\t\t<img decoding=\"async\" src=\"https:\/\/www.colegiojesusmariajose.org.br\/sp\/wp-content\/uploads\/elementor\/thumbs\/ENSINO-MEDIO-3-qf5kh2akvtga9613pgxu89w69xbqeif3ueafygqwu0.jpg\" title=\"ENSINO M\u00c9DIO 3\" alt=\"ENSINO M\u00c9DIO 3\" loading=\"lazy\" \/>\t\t\t\t\t\t\t\t\t\t\t\t\t\t\t<\/div>\n\t\t\t\t<\/div>\n\t\t\t\t<div class=\"elementor-element elementor-element-1a79df50 elementor-widget elementor-widget-image\" data-id=\"1a79df50\" data-element_type=\"widget\" data-widget_type=\"image.default\">\n\t\t\t\t<div class=\"elementor-widget-container\">\n\t\t\t\t\t\t\t\t\t\t\t\t\t\t\t<img decoding=\"async\" src=\"https:\/\/www.colegiojesusmariajose.org.br\/sp\/wp-content\/uploads\/elementor\/thumbs\/ENSINO-MEDIO-2-1-qf5kiagxdbkgnf9r1qzfaew4i7axenu8id9r8mhxow.jpg\" title=\"ENSINO M\u00c9DIO 2 (1)\" alt=\"ENSINO M\u00c9DIO 2 (1)\" loading=\"lazy\" \/>\t\t\t\t\t\t\t\t\t\t\t\t\t\t\t<\/div>\n\t\t\t\t<\/div>\n\t\t\t\t<\/div>\n\t\t<div class=\"elementor-element elementor-element-75fac995 e-con-full e-flex e-con e-child\" data-id=\"75fac995\" data-element_type=\"container\">\n\t\t\t\t<div class=\"elementor-element elementor-element-3d07be83 elementor-widget elementor-widget-heading\" data-id=\"3d07be83\" data-element_type=\"widget\" data-widget_type=\"heading.default\">\n\t\t\t\t<div class=\"elementor-widget-container\">\n\t\t\t\t\t<h2 class=\"elementor-heading-title elementor-size-default\">ENSINO M\u00c9DIO<\/h2>\t\t\t\t<\/div>\n\t\t\t\t<\/div>\n\t\t\t\t<div class=\"elementor-element elementor-element-4b906eb3 elementor-widget elementor-widget-image\" data-id=\"4b906eb3\" data-element_type=\"widget\" data-widget_type=\"image.default\">\n\t\t\t\t<div class=\"elementor-widget-container\">\n\t\t\t\t\t\t\t\t\t\t\t\t\t\t\t<img fetchpriority=\"high\" decoding=\"async\" width=\"800\" height=\"534\" src=\"https:\/\/www.colegiojesusmariajose.org.br\/sp\/wp-content\/uploads\/2023\/11\/ENSINO-MEDIO-1-1024x683.jpg\" class=\"attachment-large size-large wp-image-2691\" alt=\"\" srcset=\"https:\/\/www.colegiojesusmariajose.org.br\/sp\/wp-content\/uploads\/2023\/11\/ENSINO-MEDIO-1-1024x683.jpg 1024w, https:\/\/www.colegiojesusmariajose.org.br\/sp\/wp-content\/uploads\/2023\/11\/ENSINO-MEDIO-1-300x200.jpg 300w, https:\/\/www.colegiojesusmariajose.org.br\/sp\/wp-content\/uploads\/2023\/11\/ENSINO-MEDIO-1-768x512.jpg 768w, https:\/\/www.colegiojesusmariajose.org.br\/sp\/wp-content\/uploads\/2023\/11\/ENSINO-MEDIO-1-1536x1024.jpg 1536w, https:\/\/www.colegiojesusmariajose.org.br\/sp\/wp-content\/uploads\/2023\/11\/ENSINO-MEDIO-1.jpg 2048w\" sizes=\"(max-width: 800px) 100vw, 800px\" \/>\t\t\t\t\t\t\t\t\t\t\t\t\t\t\t<\/div>\n\t\t\t\t<\/div>\n\t\t\t\t<div class=\"elementor-element elementor-element-43aff1da elementor-widget elementor-widget-text-editor\" data-id=\"43aff1da\" data-element_type=\"widget\" data-widget_type=\"text-editor.default\">\n\t\t\t\t<div class=\"elementor-widget-container\">\n\t\t\t\t\t\t\t\t\t<p>No Ensino M\u00e9dio, o <strong>Col\u00e9gio Jesus Maria Jos\u00e9<\/strong> tem como proposta pedag\u00f3gica consolidar o aprofundamento dos conhecimentos adquiridos no Ensino Fundamental, viabilizando a continuidade dos estudos para a conquista de bons resultados no Enem e nos vestibulares de institui\u00e7\u00f5es conceituadas. Al\u00e9m disso, preparamos os nossos alunos para desenvolver compet\u00eancias e habilidades para atuar no mercado de trabalho e para exercer a cidadania em diferentes inst\u00e2ncias sociais.<\/p><p>O Ensino M\u00e9dio, portanto, \u00e9 a etapa final de uma educa\u00e7\u00e3o de car\u00e1ter geral, afinada com a contemporaneidade e voltada para a constru\u00e7\u00e3o de compet\u00eancias b\u00e1sicas, que situem o educando como sujeito produtor de conhecimento e protagonista na sociedade.<\/p>\t\t\t\t\t\t\t\t<\/div>\n\t\t\t\t<\/div>\n\t\t\t\t<\/div>\n\t\t\t\t\t<\/div>\n\t\t\t\t<\/div>\n\t\t<div class=\"elementor-element elementor-element-1f934179 e-flex e-con-boxed e-con e-parent\" data-id=\"1f934179\" data-element_type=\"container\">\n\t\t\t\t\t<div class=\"e-con-inner\">\n\t\t\t\t<div class=\"elementor-element elementor-element-3f7915e4 elementor-widget elementor-widget-spacer\" data-id=\"3f7915e4\" data-element_type=\"widget\" data-widget_type=\"spacer.default\">\n\t\t\t\t<div class=\"elementor-widget-container\">\n\t\t\t\t\t\t\t<div class=\"elementor-spacer\">\n\t\t\t<div class=\"elementor-spacer-inner\"><\/div>\n\t\t<\/div>\n\t\t\t\t\t\t<\/div>\n\t\t\t\t<\/div>\n\t\t\t\t\t<\/div>\n\t\t\t\t<\/div>\n\t\t\t\t<\/div>\n\t\t","protected":false},"excerpt":{"rendered":"<p>ENSINO M\u00c9DIO ENSINO M\u00c9DIO No Ensino M\u00e9dio, o Col\u00e9gio Jesus Maria Jos\u00e9 tem como proposta pedag\u00f3gica consolidar o aprofundamento dos conhecimentos adquiridos no Ensino Fundamental, viabilizando a continuidade dos estudos para a conquista de bons resultados no Enem e nos vestibulares de institui\u00e7\u00f5es conceituadas. Al\u00e9m disso, preparamos os nossos alunos para desenvolver compet\u00eancias e habilidades [&hellip;]<\/p>\n","protected":false},"author":1,"featured_media":0,"parent":0,"menu_order":0,"comment_status":"closed","ping_status":"closed","template":"elementor_header_footer","meta":{"footnotes":""},"folder":[],"class_list":["post-2149","page","type-page","status-publish","hentry"],"aioseo_notices":[],"_links":{"self":[{"href":"https:\/\/www.colegiojesusmariajose.org.br\/sp\/wp-json\/wp\/v2\/pages\/2149","targetHints":{"allow":["GET"]}}],"collection":[{"href":"https:\/\/www.colegiojesusmariajose.org.br\/sp\/wp-json\/wp\/v2\/pages"}],"about":[{"href":"https:\/\/www.colegiojesusmariajose.org.br\/sp\/wp-json\/wp\/v2\/types\/page"}],"author":[{"embeddable":true,"href":"https:\/\/www.colegiojesusmariajose.org.br\/sp\/wp-json\/wp\/v2\/users\/1"}],"replies":[{"embeddable":true,"href":"https:\/\/www.colegiojesusmariajose.org.br\/sp\/wp-json\/wp\/v2\/comments?post=2149"}],"version-history":[{"count":10,"href":"https:\/\/www.colegiojesusmariajose.org.br\/sp\/wp-json\/wp\/v2\/pages\/2149\/revisions"}],"predecessor-version":[{"id":3136,"href":"https:\/\/www.colegiojesusmariajose.org.br\/sp\/wp-json\/wp\/v2\/pages\/2149\/revisions\/3136"}],"wp:attachment":[{"href":"https:\/\/www.colegiojesusmariajose.org.br\/sp\/wp-json\/wp\/v2\/media?parent=2149"}],"wp:term":[{"taxonomy":"folder","embeddable":true,"href":"https:\/\/www.colegiojesusmariajose.org.br\/sp\/wp-json\/wp\/v2\/folder?post=2149"}],"curies":[{"name":"wp","href":"https:\/\/api.w.org\/{rel}","templated":true}]}}