{"id":2350,"date":"2023-10-25T10:21:54","date_gmt":"2023-10-25T13:21:54","guid":{"rendered":"https:\/\/www.colegiojesusmariajose.org.br\/sp\/?page_id=2350"},"modified":"2025-12-03T09:41:54","modified_gmt":"2025-12-03T12:41:54","slug":"rede-de-educacao","status":"publish","type":"page","link":"https:\/\/www.colegiojesusmariajose.org.br\/sp\/rede-de-educacao\/","title":{"rendered":"REDE DE EDUCA\u00c7\u00c3O"},"content":{"rendered":"\t\t<div data-elementor-type=\"wp-page\" data-elementor-id=\"2350\" class=\"elementor elementor-2350\" data-elementor-post-type=\"page\">\n\t\t\t\t<div class=\"elementor-element elementor-element-54b4096f animated-slow e-flex e-con-boxed elementor-invisible e-con e-parent\" data-id=\"54b4096f\" data-element_type=\"container\" data-settings=\"{&quot;background_background&quot;:&quot;classic&quot;,&quot;animation&quot;:&quot;fadeIn&quot;}\">\n\t\t\t\t\t<div class=\"e-con-inner\">\n\t\t\t\t<div class=\"elementor-element elementor-element-4457851f elementor-widget elementor-widget-spacer\" data-id=\"4457851f\" data-element_type=\"widget\" data-widget_type=\"spacer.default\">\n\t\t\t\t<div class=\"elementor-widget-container\">\n\t\t\t\t\t\t\t<div class=\"elementor-spacer\">\n\t\t\t<div class=\"elementor-spacer-inner\"><\/div>\n\t\t<\/div>\n\t\t\t\t\t\t<\/div>\n\t\t\t\t<\/div>\n\t\t\t\t<div class=\"elementor-element elementor-element-5132b2d8 elementor-widget elementor-widget-heading\" data-id=\"5132b2d8\" data-element_type=\"widget\" data-widget_type=\"heading.default\">\n\t\t\t\t<div class=\"elementor-widget-container\">\n\t\t\t\t\t<h2 class=\"elementor-heading-title elementor-size-default\">REDE DE EDUCA\u00c7\u00c3O JESUS MARIA JOS\u00c9<\/h2>\t\t\t\t<\/div>\n\t\t\t\t<\/div>\n\t\t\t\t<div class=\"elementor-element elementor-element-7fae3716 elementor-widget__width-initial elementor-widget elementor-widget-text-editor\" data-id=\"7fae3716\" data-element_type=\"widget\" data-widget_type=\"text-editor.default\">\n\t\t\t\t<div class=\"elementor-widget-container\">\n\t\t\t\t\t\t\t\t\t<p><em>Rita Amada de Jesus, aos 24 anos, sentiu a inspira\u00e7\u00e3o para fundar uma obra educativa para crian\u00e7as pobres e abandonadas [&#8230;]<\/em><\/p><p><strong>DG.5.1<\/strong><\/p>\t\t\t\t\t\t\t\t<\/div>\n\t\t\t\t<\/div>\n\t\t\t\t<div class=\"elementor-element elementor-element-558b8c33 elementor-widget elementor-widget-spacer\" data-id=\"558b8c33\" data-element_type=\"widget\" data-widget_type=\"spacer.default\">\n\t\t\t\t<div class=\"elementor-widget-container\">\n\t\t\t\t\t\t\t<div class=\"elementor-spacer\">\n\t\t\t<div class=\"elementor-spacer-inner\"><\/div>\n\t\t<\/div>\n\t\t\t\t\t\t<\/div>\n\t\t\t\t<\/div>\n\t\t\t\t\t<\/div>\n\t\t\t\t<\/div>\n\t\t<div class=\"elementor-element elementor-element-9804f7f e-flex e-con-boxed e-con e-parent\" data-id=\"9804f7f\" data-element_type=\"container\">\n\t\t\t\t\t<div class=\"e-con-inner\">\n\t\t<div class=\"elementor-element elementor-element-cf9928e e-con-full e-flex e-con e-child\" data-id=\"cf9928e\" data-element_type=\"container\">\n\t\t\t\t<div class=\"elementor-element elementor-element-7ab2819 elementor-widget elementor-widget-image\" data-id=\"7ab2819\" data-element_type=\"widget\" data-widget_type=\"image.default\">\n\t\t\t\t<div class=\"elementor-widget-container\">\n\t\t\t\t\t\t\t\t\t\t\t\t\t\t\t<img fetchpriority=\"high\" decoding=\"async\" width=\"800\" height=\"800\" src=\"https:\/\/www.colegiojesusmariajose.org.br\/sp\/wp-content\/uploads\/2025\/12\/rede-jmj-mapa-america-latina-sem-fotos-1024x1024.png\" class=\"attachment-large size-large wp-image-3393\" alt=\"\" srcset=\"https:\/\/www.colegiojesusmariajose.org.br\/sp\/wp-content\/uploads\/2025\/12\/rede-jmj-mapa-america-latina-sem-fotos-1024x1024.png 1024w, https:\/\/www.colegiojesusmariajose.org.br\/sp\/wp-content\/uploads\/2025\/12\/rede-jmj-mapa-america-latina-sem-fotos-300x300.png 300w, https:\/\/www.colegiojesusmariajose.org.br\/sp\/wp-content\/uploads\/2025\/12\/rede-jmj-mapa-america-latina-sem-fotos-150x150.png 150w, https:\/\/www.colegiojesusmariajose.org.br\/sp\/wp-content\/uploads\/2025\/12\/rede-jmj-mapa-america-latina-sem-fotos-768x768.png 768w, https:\/\/www.colegiojesusmariajose.org.br\/sp\/wp-content\/uploads\/2025\/12\/rede-jmj-mapa-america-latina-sem-fotos.png 1080w\" sizes=\"(max-width: 800px) 100vw, 800px\" \/>\t\t\t\t\t\t\t\t\t\t\t\t\t\t\t<\/div>\n\t\t\t\t<\/div>\n\t\t\t\t<\/div>\n\t\t<div class=\"elementor-element elementor-element-a2f351e e-con-full e-flex e-con e-child\" data-id=\"a2f351e\" data-element_type=\"container\">\n\t\t\t\t<div class=\"elementor-element elementor-element-57da4722 elementor-widget elementor-widget-spacer\" data-id=\"57da4722\" data-element_type=\"widget\" data-widget_type=\"spacer.default\">\n\t\t\t\t<div class=\"elementor-widget-container\">\n\t\t\t\t\t\t\t<div class=\"elementor-spacer\">\n\t\t\t<div class=\"elementor-spacer-inner\"><\/div>\n\t\t<\/div>\n\t\t\t\t\t\t<\/div>\n\t\t\t\t<\/div>\n\t\t\t\t<div class=\"elementor-element elementor-element-1aeba611 elementor-widget elementor-widget-text-editor\" data-id=\"1aeba611\" data-element_type=\"widget\" data-widget_type=\"text-editor.default\">\n\t\t\t\t<div class=\"elementor-widget-container\">\n\t\t\t\t\t\t\t\t\t<p>Em nossa miss\u00e3o, a educa\u00e7\u00e3o \u00e9 elemento central e constitutivo que se expressa nas mais variadas modalidades e n\u00edveis. Em sua a\u00e7\u00e3o apost\u00f3lica, Rita Amada de Jesus revela-se essencialmente educadora em todas as suas inciativas e rela\u00e7\u00f5es. A concretiza\u00e7\u00e3o institucional da sua miss\u00e3o, com a cria\u00e7\u00e3o de uma institui\u00e7\u00e3o de ensino, foi a consequ\u00eancia natural de sua trajet\u00f3ria apost\u00f3lica.<\/p><p>Jesus, Maria e Jos\u00e9 s\u00e3o os nossos modelos na a\u00e7\u00e3o educativa junto \u00e0s crian\u00e7as, aos jovens e \u00e0s fam\u00edlias, pois nos ensinam e testemunham, na vida oculta em Deus, uma educa\u00e7\u00e3o que assegura o desenvolvimento pleno e integral, em idade, sabedoria e gra\u00e7a, diante do Senhor e dos homens.<\/p><p>Atualmente, a Rede de Educa\u00e7\u00e3o JMJ est\u00e1 presente em tr\u00eas pa\u00edses (Bol\u00edvia, Brasil e Paraguai), sendo respons\u00e1vel por 13 col\u00e9gios, que re\u00fanem cerca de 5 mil alunos e mais de 700 colaboradores.<\/p>\t\t\t\t\t\t\t\t<\/div>\n\t\t\t\t<\/div>\n\t\t\t\t<div class=\"elementor-element elementor-element-26b309bc elementor-widget elementor-widget-spacer\" data-id=\"26b309bc\" data-element_type=\"widget\" data-widget_type=\"spacer.default\">\n\t\t\t\t<div class=\"elementor-widget-container\">\n\t\t\t\t\t\t\t<div class=\"elementor-spacer\">\n\t\t\t<div class=\"elementor-spacer-inner\"><\/div>\n\t\t<\/div>\n\t\t\t\t\t\t<\/div>\n\t\t\t\t<\/div>\n\t\t\t\t<\/div>\n\t\t\t\t\t<\/div>\n\t\t\t\t<\/div>\n\t\t<div class=\"elementor-element elementor-element-1470832b e-flex e-con-boxed e-con e-parent\" data-id=\"1470832b\" data-element_type=\"container\">\n\t\t\t\t\t<div class=\"e-con-inner\">\n\t\t\t\t<div class=\"elementor-element elementor-element-9350a21 elementor--h-position-center elementor--v-position-middle elementor-arrows-position-inside elementor-pagination-position-inside elementor-widget elementor-widget-slides\" data-id=\"9350a21\" data-element_type=\"widget\" data-settings=\"{&quot;navigation&quot;:&quot;both&quot;,&quot;autoplay&quot;:&quot;yes&quot;,&quot;pause_on_hover&quot;:&quot;yes&quot;,&quot;pause_on_interaction&quot;:&quot;yes&quot;,&quot;autoplay_speed&quot;:5000,&quot;infinite&quot;:&quot;yes&quot;,&quot;transition&quot;:&quot;slide&quot;,&quot;transition_speed&quot;:500}\" data-widget_type=\"slides.default\">\n\t\t\t\t<div class=\"elementor-widget-container\">\n\t\t\t\t\t\t\t\t\t<div class=\"elementor-swiper\">\n\t\t\t\t\t<div class=\"elementor-slides-wrapper elementor-main-swiper swiper\" role=\"region\" aria-roledescription=\"carousel\" aria-label=\"Slides\" dir=\"ltr\" data-animation=\"\">\n\t\t\t\t<div class=\"swiper-wrapper elementor-slides\">\n\t\t\t\t\t\t\t\t\t\t<div class=\"elementor-repeater-item-3e706b4 swiper-slide\" role=\"group\" aria-roledescription=\"slide\"><div class=\"swiper-slide-bg\" role=\"img\"><\/div><div class=\"elementor-background-overlay\"><\/div><a class=\"swiper-slide-inner\" href=\"http:\/\/www.colegiojesusmariajose.org.br\/brasilia\" target=\"_blank\"><div class=\"swiper-slide-contents\"><div class=\"elementor-slide-heading\">BRAS\u00cdLIA<\/div><div class=\"elementor-slide-description\">Distrito Federal<br>\nCol\u00e9gio Jesus Maria Jos\u00e9\n<\/div><div  class=\"elementor-button elementor-slide-button elementor-size-sm\">CONHE\u00c7A<\/div><\/div><\/a><\/div><div class=\"elementor-repeater-item-968d052 swiper-slide\" role=\"group\" aria-roledescription=\"slide\"><div class=\"swiper-slide-bg\" role=\"img\"><\/div><div class=\"elementor-background-overlay\"><\/div><a class=\"swiper-slide-inner\" href=\"http:\/\/www.colegiojesusmariajose.org.br\/goiania\" target=\"_blank\"><div class=\"swiper-slide-contents\"><div class=\"elementor-slide-heading\">GOI\u00c2NIA<\/div><div class=\"elementor-slide-description\">GOI\u00c1S<br>\nCol\u00e9gio Jesus Maria Jos\u00e9\n<\/div><div  class=\"elementor-button elementor-slide-button elementor-size-sm\">CONHE\u00c7A<\/div><\/div><\/a><\/div><div class=\"elementor-repeater-item-1a96756 swiper-slide\" role=\"group\" aria-roledescription=\"slide\"><div class=\"swiper-slide-bg\" role=\"img\"><\/div><div class=\"elementor-background-overlay\"><\/div><a class=\"swiper-slide-inner\" href=\"http:\/\/www.colegiojesusmariajose.org.br\/canarana\" target=\"_blank\"><div class=\"swiper-slide-contents\"><div class=\"elementor-slide-heading\">CANARANA<\/div><div class=\"elementor-slide-description\">Mato Grosso<BR>\nCol\u00e9gio Jesus Maria Jos\u00e9<\/div><div  class=\"elementor-button elementor-slide-button elementor-size-sm\">CONHE\u00c7A<\/div><\/div><\/a><\/div><div class=\"elementor-repeater-item-c2e2412 swiper-slide\" role=\"group\" aria-roledescription=\"slide\"><div class=\"swiper-slide-bg\" role=\"img\"><\/div><div class=\"elementor-background-overlay\"><\/div><a class=\"swiper-slide-inner\" href=\"http:\/\/www.colegiojesusmariajose.org.br\/franca\" target=\"_blank\"><div class=\"swiper-slide-contents\"><div class=\"elementor-slide-heading\">FRANCA<\/div><div class=\"elementor-slide-description\">S\u00e3o Paulo<BR>\nCol\u00e9gio Jesus Maria Jos\u00e9<\/div><div  class=\"elementor-button elementor-slide-button elementor-size-sm\">CONHE\u00c7A<\/div><\/div><\/a><\/div><div class=\"elementor-repeater-item-779e885 swiper-slide\" role=\"group\" aria-roledescription=\"slide\"><div class=\"swiper-slide-bg\" role=\"img\"><\/div><div class=\"elementor-background-overlay\"><\/div><div class=\"swiper-slide-inner\" ><div class=\"swiper-slide-contents\"><div class=\"elementor-slide-heading\">IGARAPAVA<\/div><div class=\"elementor-slide-description\">S\u00e3o Paulo<BR>\nCol\u00e9gio Jesus Maria Jos\u00e9<\/div><div  class=\"elementor-button elementor-slide-button elementor-size-sm\">CONHE\u00c7A<\/div><\/div><\/div><\/div><div class=\"elementor-repeater-item-dc90a6b swiper-slide\" role=\"group\" aria-roledescription=\"slide\"><div class=\"swiper-slide-bg\" role=\"img\"><\/div><div class=\"elementor-background-overlay\"><\/div><div class=\"swiper-slide-inner\" ><div class=\"swiper-slide-contents\"><div class=\"elementor-slide-heading\">S\u00c3O PAULO<\/div><div class=\"elementor-slide-description\">S\u00c3O PAULO<\/div><div  class=\"elementor-button elementor-slide-button elementor-size-sm\">CONHE\u00c7A<\/div><\/div><\/div><\/div><div class=\"elementor-repeater-item-fddb0a7 swiper-slide\" role=\"group\" aria-roledescription=\"slide\"><div class=\"swiper-slide-bg\" role=\"img\"><\/div><div class=\"elementor-background-overlay\"><\/div><div class=\"swiper-slide-inner\" ><div class=\"swiper-slide-contents\"><div class=\"elementor-slide-heading\">S\u00c3O SIM\u00c3O<\/div><div class=\"elementor-slide-description\">S\u00e3o Paulo<br>\nCol\u00e9gio Jesus Maria Jos\u00e9<\/div><div  class=\"elementor-button elementor-slide-button elementor-size-sm\">CONHE\u00c7A<\/div><\/div><\/div><\/div><div class=\"elementor-repeater-item-09f46b1 swiper-slide\" role=\"group\" aria-roledescription=\"slide\"><div class=\"swiper-slide-bg\" role=\"img\"><\/div><div class=\"elementor-background-overlay\"><\/div><a class=\"swiper-slide-inner\" href=\"http:\/\/www.colegiojesusmariajose.org.br\/pocos\" target=\"_blank\"><div class=\"swiper-slide-contents\"><div class=\"elementor-slide-heading\">PO\u00c7O DE CALDAS<\/div><div class=\"elementor-slide-description\">Minas Gerais<br>\nCol\u00e9gio Jesus Maria Jos\u00e9<\/div><div  class=\"elementor-button elementor-slide-button elementor-size-sm\">CONHE\u00c7A<\/div><\/div><\/a><\/div><div class=\"elementor-repeater-item-f897980 swiper-slide\" role=\"group\" aria-roledescription=\"slide\"><div class=\"swiper-slide-bg\" role=\"img\"><\/div><div class=\"elementor-background-overlay\"><\/div><a class=\"swiper-slide-inner\" href=\"http:\/\/www.colegiojesusmariajose.org.br\/smo\" target=\"_blank\"><div class=\"swiper-slide-contents\"><div class=\"elementor-slide-heading\">S\u00c3O MIGUEL DO OESTE<\/div><div class=\"elementor-slide-description\">Santa Catarina<br>\nCol\u00e9gio Jesus Maria Jos\u00e9\n<\/div><div  class=\"elementor-button elementor-slide-button elementor-size-sm\">CONHE\u00c7A<\/div><\/div><\/a><\/div><div class=\"elementor-repeater-item-a56b18d swiper-slide\" role=\"group\" aria-roledescription=\"slide\"><div class=\"swiper-slide-bg elementor-ken-burns elementor-ken-burns--in\" role=\"img\"><\/div><div class=\"elementor-background-overlay\"><\/div><a class=\"swiper-slide-inner\" href=\"http:\/\/www.colegiojesusmariajose.org.br\/pm\" target=\"_blank\"><div class=\"swiper-slide-contents\"><div class=\"elementor-slide-heading\">PALMEIRA DAS MISS\u00d5ES<\/div><div class=\"elementor-slide-description\">RIO GRANDE DO SUL<br>\nCol\u00e9gio Jesus Maria Jos\u00e9\n<\/div><div  class=\"elementor-button elementor-slide-button elementor-size-sm\">CONHE\u00c7A<\/div><\/div><\/a><\/div><div class=\"elementor-repeater-item-b66f3a9 swiper-slide\" role=\"group\" aria-roledescription=\"slide\"><div class=\"swiper-slide-bg\" role=\"img\"><\/div><div class=\"elementor-background-overlay\"><\/div><a class=\"swiper-slide-inner\" href=\"http:\/\/www.colegiojesusmariajose.org.br\/aguaboa\" target=\"_blank\"><div class=\"swiper-slide-contents\"><div class=\"elementor-slide-heading\">\u00c1GUA BOA<\/div><div class=\"elementor-slide-description\">Mato Grosso<br>\nCol\u00e9gio Jesus Maria Jos\u00e9<\/div><div  class=\"elementor-button elementor-slide-button elementor-size-sm\">CONHE\u00c7A<\/div><\/div><\/a><\/div>\t\t\t\t<\/div>\n\t\t\t\t\t\t\t\t\t\t\t\t\t\t\t<div class=\"elementor-swiper-button elementor-swiper-button-prev\" role=\"button\" tabindex=\"0\" aria-label=\"Previous slide\">\n\t\t\t\t\t\t\t<svg aria-hidden=\"true\" class=\"e-font-icon-svg e-eicon-chevron-left\" viewBox=\"0 0 1000 1000\" xmlns=\"http:\/\/www.w3.org\/2000\/svg\"><path d=\"M646 125C629 125 613 133 604 142L308 442C296 454 292 471 292 487 292 504 296 521 308 533L604 854C617 867 629 875 646 875 663 875 679 871 692 858 704 846 713 829 713 812 713 796 708 779 692 767L438 487 692 225C700 217 708 204 708 187 708 171 704 154 692 142 675 129 663 125 646 125Z\"><\/path><\/svg>\t\t\t\t\t\t<\/div>\n\t\t\t\t\t\t<div class=\"elementor-swiper-button elementor-swiper-button-next\" role=\"button\" tabindex=\"0\" aria-label=\"Next slide\">\n\t\t\t\t\t\t\t<svg aria-hidden=\"true\" class=\"e-font-icon-svg e-eicon-chevron-right\" viewBox=\"0 0 1000 1000\" xmlns=\"http:\/\/www.w3.org\/2000\/svg\"><path d=\"M696 533C708 521 713 504 713 487 713 471 708 454 696 446L400 146C388 133 375 125 354 125 338 125 325 129 313 142 300 154 292 171 292 187 292 204 296 221 308 233L563 492 304 771C292 783 288 800 288 817 288 833 296 850 308 863 321 871 338 875 354 875 371 875 388 867 400 854L696 533Z\"><\/path><\/svg>\t\t\t\t\t\t<\/div>\n\t\t\t\t\t\t\t\t\t\t\t\t\t\t\t\t<div class=\"swiper-pagination\"><\/div>\n\t\t\t\t\t\t\t\t\t\t\t\t<\/div>\n\t\t\t\t<\/div>\n\t\t\t\t\t\t\t\t<\/div>\n\t\t\t\t<\/div>\n\t\t\t\t\t<\/div>\n\t\t\t\t<\/div>\n\t\t\t\t<\/div>\n\t\t","protected":false},"excerpt":{"rendered":"<p>REDE DE EDUCA\u00c7\u00c3O JESUS MARIA JOS\u00c9 Rita Amada de Jesus, aos 24 anos, sentiu a inspira\u00e7\u00e3o para fundar uma obra educativa para crian\u00e7as pobres e abandonadas [&#8230;] DG.5.1 Em nossa miss\u00e3o, a educa\u00e7\u00e3o \u00e9 elemento central e constitutivo que se expressa nas mais variadas modalidades e n\u00edveis. Em sua a\u00e7\u00e3o apost\u00f3lica, Rita Amada de Jesus [&hellip;]<\/p>\n","protected":false},"author":1,"featured_media":0,"parent":0,"menu_order":0,"comment_status":"closed","ping_status":"closed","template":"elementor_header_footer","meta":{"footnotes":""},"folder":[],"class_list":["post-2350","page","type-page","status-publish","hentry"],"aioseo_notices":[],"_links":{"self":[{"href":"https:\/\/www.colegiojesusmariajose.org.br\/sp\/wp-json\/wp\/v2\/pages\/2350","targetHints":{"allow":["GET"]}}],"collection":[{"href":"https:\/\/www.colegiojesusmariajose.org.br\/sp\/wp-json\/wp\/v2\/pages"}],"about":[{"href":"https:\/\/www.colegiojesusmariajose.org.br\/sp\/wp-json\/wp\/v2\/types\/page"}],"author":[{"embeddable":true,"href":"https:\/\/www.colegiojesusmariajose.org.br\/sp\/wp-json\/wp\/v2\/users\/1"}],"replies":[{"embeddable":true,"href":"https:\/\/www.colegiojesusmariajose.org.br\/sp\/wp-json\/wp\/v2\/comments?post=2350"}],"version-history":[{"count":26,"href":"https:\/\/www.colegiojesusmariajose.org.br\/sp\/wp-json\/wp\/v2\/pages\/2350\/revisions"}],"predecessor-version":[{"id":3397,"href":"https:\/\/www.colegiojesusmariajose.org.br\/sp\/wp-json\/wp\/v2\/pages\/2350\/revisions\/3397"}],"wp:attachment":[{"href":"https:\/\/www.colegiojesusmariajose.org.br\/sp\/wp-json\/wp\/v2\/media?parent=2350"}],"wp:term":[{"taxonomy":"folder","embeddable":true,"href":"https:\/\/www.colegiojesusmariajose.org.br\/sp\/wp-json\/wp\/v2\/folder?post=2350"}],"curies":[{"name":"wp","href":"https:\/\/api.w.org\/{rel}","templated":true}]}}